{"id":80,"date":"2022-06-15T06:46:10","date_gmt":"2022-06-15T06:46:10","guid":{"rendered":"http:\/\/sbtestpage.lt\/?page_id=80"},"modified":"2025-09-30T14:00:04","modified_gmt":"2025-09-30T14:00:04","slug":"suaugusiuju-ugdymas","status":"publish","type":"page","link":"https:\/\/zmm.lt\/?page_id=80","title":{"rendered":"Suaugusi\u0173j\u0173 ugdymas"},"content":{"rendered":"\t\t<div data-elementor-type=\"wp-page\" data-elementor-id=\"80\" class=\"elementor elementor-80\">\n\t\t\t\t\t\t<section class=\"elementor-section elementor-top-section elementor-element elementor-element-221a6d6 elementor-section-boxed elementor-section-height-default elementor-section-height-default\" data-id=\"221a6d6\" data-element_type=\"section\">\n\t\t\t\t\t\t<div class=\"elementor-container elementor-column-gap-default\">\n\t\t\t\t\t<div class=\"elementor-column elementor-col-100 elementor-top-column elementor-element elementor-element-4fd12b5\" data-id=\"4fd12b5\" data-element_type=\"column\">\n\t\t\t<div class=\"elementor-widget-wrap elementor-element-populated\">\n\t\t\t\t\t\t<div class=\"elementor-element elementor-element-9c46d05 elementor-widget elementor-widget-text-editor\" data-id=\"9c46d05\" data-element_type=\"widget\" data-widget_type=\"text-editor.default\">\n\t\t\t\t<div class=\"elementor-widget-container\">\n\t\t\t\t\t\t\t<p><span style=\"font-family: Rubik; font-size: 16px; background-color: #ffffff;\">DAIL\u0116 SUAUGUSIEMS<\/span><\/p><p>Zarasuose veikia dvi dail\u0117s studijos suaugusiems. U\u017esi\u0117mimai vyksta antradienio arba tre\u010diadienio vakarais.\u00a0<\/p><p>Mokytojos Ramun\u0117 Sladkevi\u010di\u016bt\u0117 Dainien\u0117, Petron\u0117 Sekonien\u0117.<\/p><p>U\u017esi\u0117mim\u0173 kaina &#8211; 20 eur. per m\u0117nes\u012f. (Reikia atsine\u0161ti savo priemones).<\/p><p>\u00a0<\/p><p>KERAMIKA SUAUGUSIEMS<\/p><p>Zarasuose keramikos u\u017esi\u0117mimai suaugusiems vyksta tre\u010diadieniais 17:30-19:10,\u00a0 mokytojas \u017dydr\u016bnas Dainys.<\/p><p>Duset\u0173 meno skyriuje keramikos u\u017esi\u0117mimai suaugusiems vyksta ketvirtadieniais nuo 17:25, mokytoja \u017daneta Aidietyt\u0117.<\/p><p>U\u017esi\u0117mim\u0173 kaina &#8211; 35 eur. per m\u0117nes\u012f. (Apr\u016bpinama pagrindin\u0117mis priemon\u0117mis ir med\u017eiagomis).<\/p><p>\u00a0<\/p><p>MUZIKA SUAUGUSIEMS<\/p><p>Individualios fortepijono pamokos suaugusiems vyksta tiek Zarasuose, tiek ir Duset\u0173 meno skyriuje.\u00a0<\/p><p>U\u017esi\u0117mimai vyksta kart\u0105 per savait\u0119, vien\u0105 akademin\u0119 valand\u0105, su mokytoju suderintu laiku. Kaina &#8211; 60 eur. per m\u0117nes\u012f.<\/p><p>\u0160iuo metu pamokas suaugusiems Zarasuose veda mokytoja Dangira Zavackien\u0117.<\/p><p>\u00a0Esant poreikiui, galima tartis ir d\u0117l kit\u0173 instrument\u0173.<\/p><p><img fetchpriority=\"high\" decoding=\"async\" class=\"alignnone size-full wp-image-2487\" src=\"https:\/\/zmm.lt\/wp-content\/uploads\/2025\/09\/SUAUGUSIUJU-PROGRAMOS-scaled.jpg\" alt=\"\" width=\"2560\" height=\"1810\" srcset=\"https:\/\/zmm.lt\/wp-content\/uploads\/2025\/09\/SUAUGUSIUJU-PROGRAMOS-scaled.jpg 2560w, https:\/\/zmm.lt\/wp-content\/uploads\/2025\/09\/SUAUGUSIUJU-PROGRAMOS-300x212.jpg 300w, https:\/\/zmm.lt\/wp-content\/uploads\/2025\/09\/SUAUGUSIUJU-PROGRAMOS-1024x724.jpg 1024w, https:\/\/zmm.lt\/wp-content\/uploads\/2025\/09\/SUAUGUSIUJU-PROGRAMOS-768x543.jpg 768w, https:\/\/zmm.lt\/wp-content\/uploads\/2025\/09\/SUAUGUSIUJU-PROGRAMOS-1536x1086.jpg 1536w, https:\/\/zmm.lt\/wp-content\/uploads\/2025\/09\/SUAUGUSIUJU-PROGRAMOS-2048x1448.jpg 2048w\" sizes=\"(max-width: 2560px) 100vw, 2560px\" \/><\/p><p>\u00a0<\/p><p>\u00a0<\/p>\t\t\t\t\t\t<\/div>\n\t\t\t\t<\/div>\n\t\t\t\t\t<\/div>\n\t\t<\/div>\n\t\t\t\t\t<\/div>\n\t\t<\/section>\n\t\t\t\t<\/div>\n\t\t","protected":false},"excerpt":{"rendered":"<p>DAIL\u0116 SUAUGUSIEMS Zarasuose veikia dvi dail\u0117s studijos suaugusiems. U\u017esi\u0117mimai vyksta antradienio arba tre\u010diadienio vakarais.\u00a0 Mokytojos Ramun\u0117 Sladkevi\u010di\u016bt\u0117 Dainien\u0117, Petron\u0117 Sekonien\u0117. U\u017esi\u0117mim\u0173 kaina &#8211; 20 eur. per m\u0117nes\u012f. (Reikia atsine\u0161ti savo priemones). \u00a0 KERAMIKA SUAUGUSIEMS Zarasuose keramikos u\u017esi\u0117mimai suaugusiems vyksta tre\u010diadieniais 17:30-19:10,\u00a0 mokytojas \u017dydr\u016bnas Dainys. Duset\u0173 meno skyriuje keramikos u\u017esi\u0117mimai suaugusiems vyksta ketvirtadieniais nuo 17:25, mokytoja &hellip; <a href=\"https:\/\/zmm.lt\/?page_id=80\" class=\"more-link\">Continue reading <span class=\"screen-reader-text\">Suaugusi\u0173j\u0173 ugdymas<\/span> <span class=\"meta-nav\">&rarr;<\/span><\/a><\/p>\n","protected":false},"author":1,"featured_media":408,"parent":0,"menu_order":0,"comment_status":"closed","ping_status":"closed","template":"","meta":{"footnotes":""},"class_list":["post-80","page","type-page","status-publish","has-post-thumbnail","hentry"],"_links":{"self":[{"href":"https:\/\/zmm.lt\/index.php?rest_route=\/wp\/v2\/pages\/80","targetHints":{"allow":["GET"]}}],"collection":[{"href":"https:\/\/zmm.lt\/index.php?rest_route=\/wp\/v2\/pages"}],"about":[{"href":"https:\/\/zmm.lt\/index.php?rest_route=\/wp\/v2\/types\/page"}],"author":[{"embeddable":true,"href":"https:\/\/zmm.lt\/index.php?rest_route=\/wp\/v2\/users\/1"}],"replies":[{"embeddable":true,"href":"https:\/\/zmm.lt\/index.php?rest_route=%2Fwp%2Fv2%2Fcomments&post=80"}],"version-history":[{"count":16,"href":"https:\/\/zmm.lt\/index.php?rest_route=\/wp\/v2\/pages\/80\/revisions"}],"predecessor-version":[{"id":2493,"href":"https:\/\/zmm.lt\/index.php?rest_route=\/wp\/v2\/pages\/80\/revisions\/2493"}],"wp:featuredmedia":[{"embeddable":true,"href":"https:\/\/zmm.lt\/index.php?rest_route=\/wp\/v2\/media\/408"}],"wp:attachment":[{"href":"https:\/\/zmm.lt\/index.php?rest_route=%2Fwp%2Fv2%2Fmedia&parent=80"}],"curies":[{"name":"wp","href":"https:\/\/api.w.org\/{rel}","templated":true}]}}