{"id":788,"date":"2023-01-23T14:02:56","date_gmt":"2023-01-23T14:02:56","guid":{"rendered":"https:\/\/zmm.lt\/?page_id=788"},"modified":"2024-10-02T08:02:10","modified_gmt":"2024-10-02T08:02:10","slug":"duomenu-apsauga","status":"publish","type":"page","link":"https:\/\/zmm.lt\/?page_id=788","title":{"rendered":"DUOMEN\u0172 APSAUGA"},"content":{"rendered":"\t\t<div data-elementor-type=\"wp-page\" data-elementor-id=\"788\" class=\"elementor elementor-788\">\n\t\t\t\t\t\t<section class=\"elementor-section elementor-top-section elementor-element elementor-element-132fb25 elementor-section-boxed elementor-section-height-default elementor-section-height-default\" data-id=\"132fb25\" data-element_type=\"section\">\n\t\t\t\t\t\t<div class=\"elementor-container elementor-column-gap-default\">\n\t\t\t\t\t<div class=\"elementor-column elementor-col-100 elementor-top-column elementor-element elementor-element-ea1c07b\" data-id=\"ea1c07b\" data-element_type=\"column\">\n\t\t\t<div class=\"elementor-widget-wrap elementor-element-populated\">\n\t\t\t\t\t\t<div class=\"elementor-element elementor-element-9009001 elementor-widget elementor-widget-text-editor\" data-id=\"9009001\" data-element_type=\"widget\" data-widget_type=\"text-editor.default\">\n\t\t\t\t<div class=\"elementor-widget-container\">\n\t\t\t\t\t\t\t<p><b>DUOMEN\u0172 APSAUGOS PAREIG\u016aNAS &#8211; MOKYTOJA INGA ZAKARAUSKIEN\u0116<\/b><\/p><p style=\"font-size: 16px;\"><span style=\"font-size: 16px; text-decoration-line: underline;\"><a style=\"font-size: 16px;\" href=\"https:\/\/zmm.lt\/wp-content\/uploads\/2023\/01\/Asmens_duomenu_tavrkymo_taisykles_2022-1-1.docx\">Asmens duomenu tavrkymo taisykles 2022<\/a><\/span><\/p><p style=\"font-size: 16px;\"><a style=\"font-size: 16px;\" href=\"https:\/\/zmm.lt\/wp-content\/uploads\/2023\/01\/Duomenu_saugumo_valdymo_tvarkos_aprasas-1.docx\"><u>Duomenu saugumo valdymo tvarkos aprasas<\/u><\/a><\/p><p style=\"font-size: 16px;\"><span style=\"font-size: 16px; text-decoration-line: underline;\"><a style=\"font-size: 16px;\" href=\"https:\/\/zmm.lt\/wp-content\/uploads\/2023\/01\/Darbuotoju_asmens_duomenu_saugojimo_politika_-1.docx\">Darbuotoju asmens duomenu saugojimo politika<\/a><\/span><\/p><p><span style=\"text-decoration: underline;\"><a href=\"https:\/\/zmm.lt\/wp-content\/uploads\/2023\/01\/1-Personalo_administravimas-_Veiklos-irasai.docx\">1 Personalo_administravimas _Veiklos \u012fra\u0161ai<\/a> <\/span><\/p><p><span style=\"text-decoration: underline;\"><a href=\"https:\/\/zmm.lt\/wp-content\/uploads\/2023\/01\/2_asmenu-prasymu-ir-skundu-pranesimu-nagrinejimo-veiklos-irasas.docx\">2_asmen\u0173 pra\u0161ym\u0173 ir skund\u0173, prane\u0161im\u0173 nagrin\u0117jimo veiklos \u012fra\u0161as<\/a><\/span><\/p><p><span style=\"text-decoration: underline;\"> <a href=\"https:\/\/zmm.lt\/wp-content\/uploads\/2023\/01\/3_darbo-uzmokescio-apskaitos-tikslas_-veiklos-irasas.docx\">3_darbo u\u017emokes\u010dio apskaitos tikslas_ veiklos \u012fra\u0161as<\/a> <\/span><\/p><p><span style=\"text-decoration: underline;\"><a href=\"https:\/\/zmm.lt\/wp-content\/uploads\/2023\/01\/4_kandidatu-duomenys_-veiklos-irasas.docx\">4_kandidat\u0173 duomenys_ veiklos \u012fra\u0161as<\/a> <\/span><\/p><p><span style=\"text-decoration: underline;\"><a href=\"https:\/\/zmm.lt\/wp-content\/uploads\/2023\/01\/5_technologiju-naudojimo-stebesena_-veiklos-irasas.docx\">5_technologij\u0173 naudojimo steb\u0117sena_ veiklos \u012fra\u0161as<\/a><\/span><\/p><p><span style=\"text-decoration: underline;\"> <a href=\"https:\/\/zmm.lt\/wp-content\/uploads\/2023\/01\/6_kiti_finansiniai_mokejimai_veiklos_irasas-1.docx\">6_kiti_finansiniai_mokejimai_veiklos_irasas<\/a> <\/span><\/p><p><span style=\"text-decoration: underline;\"><a href=\"https:\/\/zmm.lt\/wp-content\/uploads\/2023\/01\/7_viesuju-pirkimu-vykdymas_-veiklos-irasas.docx\">7_vie\u0161\u0173j\u0173 pirkim\u0173 vykdymas_ veiklos \u012fra\u0161as<\/a><\/span><\/p><p><span style=\"text-decoration: underline;\"> <a href=\"https:\/\/zmm.lt\/wp-content\/uploads\/2023\/01\/8_mokiniu_duomenys_renkami_veiklos_irasas-1.docx\">8_mokiniu_duomenys_renkami_veiklos_irasas<\/a><\/span><\/p><p><span style=\"text-decoration: underline;\"> <a href=\"https:\/\/zmm.lt\/wp-content\/uploads\/2023\/01\/9_mokiniu_duomenys_renkami_veiklos_irasas-1.docx\">9_mokiniu_duomenys_renkami_veiklos_irasas<\/a><\/span><\/p><p><span style=\"text-decoration: underline;\"> <a href=\"https:\/\/zmm.lt\/wp-content\/uploads\/2023\/01\/10_mokiniu_duomenys_renkami_veiklos_irasas_ugdymo-tikslu-1.docx\">10_mokiniu_duomenys_renkami_veiklos_irasas_ugdymo-tikslu<\/a><\/span><\/p><p><span style=\"text-decoration: underline;\"> <a href=\"https:\/\/zmm.lt\/wp-content\/uploads\/2023\/01\/11_mokiniu_duomenys_renkami_veiklos_irasas_mokiniu_registro_pildymas-1.docx\">11_mokiniu_duomenys_renkami_veiklos_irasas_mokiniu_registro_pildymas<\/a><\/span><\/p><p><span style=\"text-decoration: underline;\"> <a href=\"https:\/\/zmm.lt\/wp-content\/uploads\/2023\/01\/12_mokiniu_duomenys_renkami_veiklos_irasas_mokiniu_registro_pildymas-1.docx\">12_mokiniu_duomenys_renkami_veiklos_irasas_mokiniu_registro_pildymas<\/a><\/span><\/p><p><span style=\"text-decoration: underline;\"> <a href=\"https:\/\/zmm.lt\/wp-content\/uploads\/2023\/01\/Kompiuteriu_naudojimo_taisykles_-1.docx\">Kompiuteriu_naudojimo_taisykles_<\/a> <\/span><\/p><p><span style=\"text-decoration: underline;\"><a href=\"https:\/\/zmm.lt\/wp-content\/uploads\/2023\/01\/Privatumo_politika-1.doc\">Privatumo_politika<\/a> <\/span><\/p><p><span style=\"text-decoration: underline;\"><a href=\"https:\/\/zmm.lt\/wp-content\/uploads\/2023\/01\/Subjektu-teisiu-igyvendinimo-tvarka_20221026.docx\">Subjekt\u0173 teisi\u0173 \u012fgyvendinimo tvarka_20221026<\/a><\/span><\/p><p><span style=\"text-decoration: underline;\"> <a href=\"https:\/\/zmm.lt\/wp-content\/uploads\/2023\/01\/Vaiko_sutikimo_forma-1.docx\">Vaiko_sutikimo_forma<\/a><\/span><\/p>\t\t\t\t\t\t<\/div>\n\t\t\t\t<\/div>\n\t\t\t\t\t<\/div>\n\t\t<\/div>\n\t\t\t\t\t<\/div>\n\t\t<\/section>\n\t\t\t\t<\/div>\n\t\t","protected":false},"excerpt":{"rendered":"<p>DUOMEN\u0172 APSAUGOS PAREIG\u016aNAS &#8211; MOKYTOJA INGA ZAKARAUSKIEN\u0116 Asmens duomenu tavrkymo taisykles 2022 Duomenu saugumo valdymo tvarkos aprasas Darbuotoju asmens duomenu saugojimo politika 1 Personalo_administravimas _Veiklos \u012fra\u0161ai 2_asmen\u0173 pra\u0161ym\u0173 ir skund\u0173, prane\u0161im\u0173 nagrin\u0117jimo veiklos \u012fra\u0161as 3_darbo u\u017emokes\u010dio apskaitos tikslas_ veiklos \u012fra\u0161as 4_kandidat\u0173 duomenys_ veiklos \u012fra\u0161as 5_technologij\u0173 naudojimo steb\u0117sena_ veiklos \u012fra\u0161as 6_kiti_finansiniai_mokejimai_veiklos_irasas 7_vie\u0161\u0173j\u0173 pirkim\u0173 vykdymas_ veiklos \u012fra\u0161as &hellip; <a href=\"https:\/\/zmm.lt\/?page_id=788\" class=\"more-link\">Continue reading <span class=\"screen-reader-text\">DUOMEN\u0172 APSAUGA<\/span> <span class=\"meta-nav\">&rarr;<\/span><\/a><\/p>\n","protected":false},"author":2,"featured_media":0,"parent":0,"menu_order":0,"comment_status":"closed","ping_status":"closed","template":"","meta":{"footnotes":""},"class_list":["post-788","page","type-page","status-publish","hentry"],"_links":{"self":[{"href":"https:\/\/zmm.lt\/index.php?rest_route=\/wp\/v2\/pages\/788","targetHints":{"allow":["GET"]}}],"collection":[{"href":"https:\/\/zmm.lt\/index.php?rest_route=\/wp\/v2\/pages"}],"about":[{"href":"https:\/\/zmm.lt\/index.php?rest_route=\/wp\/v2\/types\/page"}],"author":[{"embeddable":true,"href":"https:\/\/zmm.lt\/index.php?rest_route=\/wp\/v2\/users\/2"}],"replies":[{"embeddable":true,"href":"https:\/\/zmm.lt\/index.php?rest_route=%2Fwp%2Fv2%2Fcomments&post=788"}],"version-history":[{"count":13,"href":"https:\/\/zmm.lt\/index.php?rest_route=\/wp\/v2\/pages\/788\/revisions"}],"predecessor-version":[{"id":1866,"href":"https:\/\/zmm.lt\/index.php?rest_route=\/wp\/v2\/pages\/788\/revisions\/1866"}],"wp:attachment":[{"href":"https:\/\/zmm.lt\/index.php?rest_route=%2Fwp%2Fv2%2Fmedia&parent=788"}],"curies":[{"name":"wp","href":"https:\/\/api.w.org\/{rel}","templated":true}]}}