{"id":78,"date":"2023-06-15T06:45:00","date_gmt":"2023-06-15T06:45:00","guid":{"rendered":"http:\/\/sbtestpage.lt\/?page_id=78"},"modified":"2025-05-04T15:46:56","modified_gmt":"2025-05-04T15:46:56","slug":"dar-kazkas","status":"publish","type":"page","link":"https:\/\/zmm.lt\/?page_id=78","title":{"rendered":"TEATRAS"},"content":{"rendered":"\t\t<div data-elementor-type=\"wp-page\" data-elementor-id=\"78\" class=\"elementor elementor-78\">\n\t\t\t\t\t\t<section class=\"elementor-section elementor-top-section elementor-element elementor-element-65b4fa2 elementor-section-boxed elementor-section-height-default elementor-section-height-default\" data-id=\"65b4fa2\" data-element_type=\"section\">\n\t\t\t\t\t\t<div class=\"elementor-container elementor-column-gap-default\">\n\t\t\t\t\t<div class=\"elementor-column elementor-col-100 elementor-top-column elementor-element elementor-element-28fab7e\" data-id=\"28fab7e\" data-element_type=\"column\">\n\t\t\t<div class=\"elementor-widget-wrap elementor-element-populated\">\n\t\t\t\t\t\t<div class=\"elementor-element elementor-element-56b77c4 elementor-widget elementor-widget-text-editor\" data-id=\"56b77c4\" data-element_type=\"widget\" data-widget_type=\"text-editor.default\">\n\t\t\t\t<div class=\"elementor-widget-container\">\n\t\t\t\t\t\t\t<p>Skelbiame pri\u0117mim\u0105 \u012f nauj\u0105 TEATRO F\u0160PU program\u0105.\u00a0<\/p><p><img fetchpriority=\"high\" decoding=\"async\" class=\"alignnone wp-image-2194\" src=\"https:\/\/zmm.lt\/wp-content\/uploads\/2025\/05\/Skrajutes-20255-300x217.jpg\" alt=\"\" width=\"1000\" height=\"724\" srcset=\"https:\/\/zmm.lt\/wp-content\/uploads\/2025\/05\/Skrajutes-20255-300x217.jpg 300w, https:\/\/zmm.lt\/wp-content\/uploads\/2025\/05\/Skrajutes-20255-1024x741.jpg 1024w, https:\/\/zmm.lt\/wp-content\/uploads\/2025\/05\/Skrajutes-20255-768x556.jpg 768w, https:\/\/zmm.lt\/wp-content\/uploads\/2025\/05\/Skrajutes-20255-1536x1112.jpg 1536w, https:\/\/zmm.lt\/wp-content\/uploads\/2025\/05\/Skrajutes-20255-2048x1483.jpg 2048w\" sizes=\"(max-width: 1000px) 100vw, 1000px\" \/><\/p><p>(Pagrindin\u0117 nuotrauka &#8211; Zaras\u0173 kult\u016bros centro, fotografas E. \u010cernovas)<\/p>\t\t\t\t\t\t<\/div>\n\t\t\t\t<\/div>\n\t\t\t\t\t<\/div>\n\t\t<\/div>\n\t\t\t\t\t<\/div>\n\t\t<\/section>\n\t\t<div class=\"elementor-element elementor-element-8775741 e-flex e-con-boxed e-con e-parent\" data-id=\"8775741\" data-element_type=\"container\">\n\t\t\t\t\t<div class=\"e-con-inner\">\n\t\t\t\t\t<\/div>\n\t\t\t\t<\/div>\n\t\t\t\t<\/div>\n\t\t","protected":false},"excerpt":{"rendered":"<p>Skelbiame pri\u0117mim\u0105 \u012f nauj\u0105 TEATRO F\u0160PU program\u0105.\u00a0 (Pagrindin\u0117 nuotrauka &#8211; Zaras\u0173 kult\u016bros centro, fotografas E. \u010cernovas)<\/p>\n","protected":false},"author":1,"featured_media":2218,"parent":0,"menu_order":0,"comment_status":"closed","ping_status":"closed","template":"","meta":{"footnotes":""},"class_list":["post-78","page","type-page","status-publish","has-post-thumbnail","hentry"],"_links":{"self":[{"href":"https:\/\/zmm.lt\/index.php?rest_route=\/wp\/v2\/pages\/78","targetHints":{"allow":["GET"]}}],"collection":[{"href":"https:\/\/zmm.lt\/index.php?rest_route=\/wp\/v2\/pages"}],"about":[{"href":"https:\/\/zmm.lt\/index.php?rest_route=\/wp\/v2\/types\/page"}],"author":[{"embeddable":true,"href":"https:\/\/zmm.lt\/index.php?rest_route=\/wp\/v2\/users\/1"}],"replies":[{"embeddable":true,"href":"https:\/\/zmm.lt\/index.php?rest_route=%2Fwp%2Fv2%2Fcomments&post=78"}],"version-history":[{"count":31,"href":"https:\/\/zmm.lt\/index.php?rest_route=\/wp\/v2\/pages\/78\/revisions"}],"predecessor-version":[{"id":2241,"href":"https:\/\/zmm.lt\/index.php?rest_route=\/wp\/v2\/pages\/78\/revisions\/2241"}],"wp:featuredmedia":[{"embeddable":true,"href":"https:\/\/zmm.lt\/index.php?rest_route=\/wp\/v2\/media\/2218"}],"wp:attachment":[{"href":"https:\/\/zmm.lt\/index.php?rest_route=%2Fwp%2Fv2%2Fmedia&parent=78"}],"curies":[{"name":"wp","href":"https:\/\/api.w.org\/{rel}","templated":true}]}}