{"id":495,"date":"2023-01-19T07:46:54","date_gmt":"2023-01-19T07:46:54","guid":{"rendered":"http:\/\/sbtestpage.lt\/?page_id=495"},"modified":"2023-01-20T13:47:47","modified_gmt":"2023-01-20T13:47:47","slug":"mokestis-uz-moksla","status":"publish","type":"page","link":"https:\/\/zmm.lt\/?page_id=495","title":{"rendered":"Mokestis u\u017e moksl\u0105"},"content":{"rendered":"\t\t<div data-elementor-type=\"wp-page\" data-elementor-id=\"495\" class=\"elementor elementor-495\">\n\t\t\t\t\t\t<section class=\"elementor-section elementor-top-section elementor-element elementor-element-d5f2012 elementor-section-boxed elementor-section-height-default elementor-section-height-default\" data-id=\"d5f2012\" data-element_type=\"section\">\n\t\t\t\t\t\t<div class=\"elementor-container elementor-column-gap-default\">\n\t\t\t\t\t<div class=\"elementor-column elementor-col-100 elementor-top-column elementor-element elementor-element-babaa75\" data-id=\"babaa75\" data-element_type=\"column\">\n\t\t\t<div class=\"elementor-widget-wrap elementor-element-populated\">\n\t\t\t\t\t\t<div class=\"elementor-element elementor-element-3cb9acb elementor-widget elementor-widget-text-editor\" data-id=\"3cb9acb\" data-element_type=\"widget\" data-widget_type=\"text-editor.default\">\n\t\t\t\t<div class=\"elementor-widget-container\">\n\t\t\t\t\t\t\t<p><a href=\"https:\/\/zmm.lt\/wp-content\/uploads\/2023\/01\/Patvirtinti-nauji-mokesciu-dydziai-2022.pdf\"><span style=\"text-decoration: underline;\">Patvirtinti nauji mokes\u010di\u0173 dyd\u017eiai 2022<\/span><\/a><\/p><p><span style=\"text-decoration: underline;\"><a href=\"https:\/\/zmm.lt\/wp-content\/uploads\/2023\/01\/Sprendimas-del-mokesciu-dydziu-2022-liepos-8d.-T-115.pdf\">Sprendimas d\u0117l mokes\u010di\u0173 dyd\u017ei\u0173 2022 liepos 8d. T-115<\/a><\/span><\/p><p><span style=\"text-decoration: underline;\"><a href=\"https:\/\/zmm.lt\/wp-content\/uploads\/2023\/01\/ZMM_mokescio_tvarka.pdf\">ZMM mokes\u010dio tvarka<\/a><\/span><\/p><p><span style=\"text-decoration: underline;\"><a href=\"https:\/\/zmm.lt\/wp-content\/uploads\/2023\/01\/Prasymas-del-mokescio-mazinimo.doc\">Pra\u0161ymas d\u0117l mokes\u010dio ma\u017einimo<\/a><\/span><\/p><p>\u00a0<\/p><p>\u00a0<\/p><p>\u00a0<\/p><p>\u00a0<\/p><p>\u00a0<\/p><p>\u00a0<\/p><p>\u00a0<\/p><p>\u00a0<\/p><p>\u00a0<\/p>\t\t\t\t\t\t<\/div>\n\t\t\t\t<\/div>\n\t\t\t\t\t<\/div>\n\t\t<\/div>\n\t\t\t\t\t<\/div>\n\t\t<\/section>\n\t\t\t\t<\/div>\n\t\t","protected":false},"excerpt":{"rendered":"<p>Patvirtinti nauji mokes\u010di\u0173 dyd\u017eiai 2022 Sprendimas d\u0117l mokes\u010di\u0173 dyd\u017ei\u0173 2022 liepos 8d. T-115 ZMM mokes\u010dio tvarka Pra\u0161ymas d\u0117l mokes\u010dio ma\u017einimo \u00a0 \u00a0 \u00a0 \u00a0 \u00a0 \u00a0 \u00a0 \u00a0 \u00a0<\/p>\n","protected":false},"author":1,"featured_media":0,"parent":0,"menu_order":0,"comment_status":"closed","ping_status":"closed","template":"","meta":{"footnotes":""},"class_list":["post-495","page","type-page","status-publish","hentry"],"_links":{"self":[{"href":"https:\/\/zmm.lt\/index.php?rest_route=\/wp\/v2\/pages\/495","targetHints":{"allow":["GET"]}}],"collection":[{"href":"https:\/\/zmm.lt\/index.php?rest_route=\/wp\/v2\/pages"}],"about":[{"href":"https:\/\/zmm.lt\/index.php?rest_route=\/wp\/v2\/types\/page"}],"author":[{"embeddable":true,"href":"https:\/\/zmm.lt\/index.php?rest_route=\/wp\/v2\/users\/1"}],"replies":[{"embeddable":true,"href":"https:\/\/zmm.lt\/index.php?rest_route=%2Fwp%2Fv2%2Fcomments&post=495"}],"version-history":[{"count":28,"href":"https:\/\/zmm.lt\/index.php?rest_route=\/wp\/v2\/pages\/495\/revisions"}],"predecessor-version":[{"id":732,"href":"https:\/\/zmm.lt\/index.php?rest_route=\/wp\/v2\/pages\/495\/revisions\/732"}],"wp:attachment":[{"href":"https:\/\/zmm.lt\/index.php?rest_route=%2Fwp%2Fv2%2Fmedia&parent=495"}],"curies":[{"name":"wp","href":"https:\/\/api.w.org\/{rel}","templated":true}]}}