{"id":397,"date":"2023-01-12T09:42:42","date_gmt":"2023-01-12T09:42:42","guid":{"rendered":"http:\/\/sbtestpage.lt\/?page_id=397"},"modified":"2025-03-06T07:35:26","modified_gmt":"2025-03-06T07:35:26","slug":"patyciu-prevencija","status":"publish","type":"page","link":"https:\/\/zmm.lt\/?page_id=397","title":{"rendered":"Paty\u010di\u0173 prevencija"},"content":{"rendered":"\t\t<div data-elementor-type=\"wp-page\" data-elementor-id=\"397\" class=\"elementor elementor-397\">\n\t\t\t\t\t\t<section class=\"elementor-section elementor-top-section elementor-element elementor-element-2f6ce39 elementor-section-boxed elementor-section-height-default elementor-section-height-default\" data-id=\"2f6ce39\" data-element_type=\"section\">\n\t\t\t\t\t\t<div class=\"elementor-container elementor-column-gap-default\">\n\t\t\t\t\t<div class=\"elementor-column elementor-col-100 elementor-top-column elementor-element elementor-element-8b0bc09\" data-id=\"8b0bc09\" data-element_type=\"column\">\n\t\t\t<div class=\"elementor-widget-wrap elementor-element-populated\">\n\t\t\t\t\t\t<div class=\"elementor-element elementor-element-cf85fe8 elementor-widget elementor-widget-text-editor\" data-id=\"cf85fe8\" data-element_type=\"widget\" data-widget_type=\"text-editor.default\">\n\t\t\t\t<div class=\"elementor-widget-container\">\n\t\t\t\t\t\t\t<p>\u00a0<\/p>\n<p><span style=\"font-size: 16px;\">PATY\u010cI\u0172 D\u0116\u017dUT\u0116\u00a0 &#8211; \u010dia pra\u0161ome anonimi\u0161kai prane\u0161ti bet kokius paty\u010di\u0173 atvejus, jie bus svarstomi mokyklos Vaiko gerov\u0117s komisijoje ir atitinkamai reaguojama.<\/span><\/p>\n<p><span style=\"font-size: 16px;\">Prane\u0161im\u0105 galima u\u017epildyti internete (paspaudus \u017eemiau esant\u012f mygtuk\u0105 &#8220;PATY\u010cI\u0172 D\u0116\u017dUT\u0116&#8221; arba galima u\u017epildyti popierin\u012f variant\u0105 ir \u012fmesti \u012f d\u0117\u017eut\u0119 mokykloje:<\/span><\/p>\n<p><a style=\"font-size: 16px;\" href=\"https:\/\/zmm.lt\/wp-content\/uploads\/2023\/05\/P-A-T-Y-C-I-U-D-E-Z-U-T-E.docx\"><span style=\"text-decoration: underline;\">P A T Y \u010c I \u0172 D \u0116 \u017d U T \u0116<\/span><\/a>\u00a0<span style=\"font-size: 16px;\">\u00a0<i>(spauskite \u0161i\u0105 nuorod\u0105, jei norite parsisi\u0173sti &#8220;popierin\u0119&#8221; form\u0105)<\/i><\/span><\/p>\n<p>\u00a0<\/p>\t\t\t\t\t\t<\/div>\n\t\t\t\t<\/div>\n\t\t\t\t<div class=\"elementor-element elementor-element-12487b1 elementor-widget elementor-widget-button\" data-id=\"12487b1\" data-element_type=\"widget\" data-widget_type=\"button.default\">\n\t\t\t\t<div class=\"elementor-widget-container\">\n\t\t\t\t\t<div class=\"elementor-button-wrapper\">\n\t\t\t<a class=\"elementor-button elementor-button-link elementor-size-sm\" href=\"https:\/\/forms.gle\/6m1AsJ3CB5dYvnJR6\">\n\t\t\t\t\t\t<span class=\"elementor-button-content-wrapper\">\n\t\t\t\t\t\t\t\t\t<span class=\"elementor-button-text\">PATY\u010cI\u0172 D\u0116\u017dUT\u0116<\/span>\n\t\t\t\t\t<\/span>\n\t\t\t\t\t<\/a>\n\t\t<\/div>\n\t\t\t\t<\/div>\n\t\t\t\t<\/div>\n\t\t\t\t\t<\/div>\n\t\t<\/div>\n\t\t\t\t\t<\/div>\n\t\t<\/section>\n\t\t\t\t<section class=\"elementor-section elementor-top-section elementor-element elementor-element-4e5faabf elementor-section-boxed elementor-section-height-default elementor-section-height-default\" data-id=\"4e5faabf\" data-element_type=\"section\">\n\t\t\t\t\t\t<div class=\"elementor-container elementor-column-gap-default\">\n\t\t\t\t\t<div class=\"elementor-column elementor-col-100 elementor-top-column elementor-element elementor-element-71069881\" data-id=\"71069881\" data-element_type=\"column\">\n\t\t\t<div class=\"elementor-widget-wrap elementor-element-populated\">\n\t\t\t\t\t\t<div class=\"elementor-element elementor-element-4fda1d2f elementor-widget elementor-widget-text-editor\" data-id=\"4fda1d2f\" data-element_type=\"widget\" data-widget_type=\"text-editor.default\">\n\t\t\t\t<div class=\"elementor-widget-container\">\n\t\t\t\t\t\t\t<p><!-- wp:paragraph --><\/p>\n<h3 style=\"line-height: 1.09091;\">Apie veidrod\u012f ir paty\u010dias<\/h3>\n<p style=\"font-size: 16px;\"><span style=\"font-size: 16px;\">Zarasuose ir Duset\u0173 meno skyriuje 2023 m. kovo &#8211; baland\u017eio m\u0117n. veikia parodos \u201eStabdyk paty\u010dias\u201c. Meni\u0161ki, spalvingi plakatai kalba ne tik apie \u017emogaus, patyrusio paty\u010dias jausen\u0105, bet ir skatina netyl\u0117ti.<\/span><\/p>\n<p style=\"font-size: 16px;\">Zaras\u0173 Fausto meno mokykloje kiekvienais mokslo metais vyksta renginiai,\u00a0 skirti prevencin\u0117ms veikloms. \u00a0\u0160\u012f kart\u0105 Zaras\u0173 dail\u0117s mokytoja P. Sekonien\u0117 ir Duset\u0173 mokytojai visus mokyklos mokinius pakviet\u0117 pie\u0161ti plakat\u0105 paty\u010di\u0173 prevencijos tema. Prie\u0161 tai moksleiviams buvo pateikta i\u0161sami med\u017eiaga apie tai, k\u0105 vadiname paty\u010diomis, koki\u0173 paty\u010di\u0173 b\u016bna. Kas paty\u010diose yra auka, kas skriaud\u0117jas, o kas steb\u0117tojas. Kokie j\u0173 vaidmenys. Temos aptarimo metu mokiniai labai aktyviai dalyvavo diskusijose, pasakojo \u012fvairius nemalonius atsitikimus, susijusius su paty\u010diomis. Tema pasirod\u0117 labai skaudi ir kiekvienas moksleivis, pasirodo, yra susid\u016br\u0119s su \u0161iuo nemaloniu rei\u0161kiniu. V\u0117liau vyko ir kitokios integruotos, k\u016brybi\u0161kos pamokos paty\u010di\u0173 prevencijos tema.<\/p>\n<p style=\"font-size: 16px;\">Dusetose paty\u010di\u0173 prevencijos renginyje teatro mokytojos M. Simokaityt\u0117s pateiktos u\u017eduotys\u00a0 pad\u0117jo mokiniams \u012fsijausti \u012f \u012fvairias situacijas, geriau pa\u017einti save ir kitus. Mokiniai dirbo grup\u0117se, diskutavo, \u017ei\u016br\u0117jo filmus paty\u010di\u0173 tema, dalinosi patirtimis.<\/p>\n<p style=\"font-size: 16px;\">Zarasuose 6 klas\u0117s mokiniai sulauk\u0117 vie\u0161nios i\u0161 Zaras\u0173 profesin\u0117s mokyklos mokytojos Donatos Radionovos. Jos atsine\u0161ti augalai vazon\u0117liuose, plastmasin\u0117 pakuot\u0117, skarel\u0117s ir kitos darbui skirtos priemon\u0117s i\u0161 karto sulauk\u0117 didelio susidom\u0117jimo. Mokytoja pamok\u0105 prad\u0117jo nuo klausimo \u2013\u201eAr veidrodis pasako ties\u0105 apie mus?\u201c Diskusijos metu buvo prieita prie i\u0161vados, kad i\u0161orinis vaizdas visi\u0161kai nieko nerei\u0161kia, \u017eymiai svarbesni yra vidiniai m\u016bs\u0173 jausmai ir nuostatos, ar mes patinkam patys sau. Mokiniai k\u016br\u0117 modernistinius savoti\u0161kus portretus, tarsi sakan\u010dius &#8220;mes skirtingi, unikal\u016bs, kiekvienas yra reikalingas&#8221;.\u00a0<\/p>\n<p style=\"font-size: 16px;\">Refleksijos metu moksleivi\u0173 i\u0161gyventi jausmai, padarytos i\u0161vados, kad kiekvienoje mokykloje b\u016btina visiems stengtis kurti saugi\u0105, lygiaver\u010diais santykiais gr\u012fst\u0105 aplink\u0105.<\/p>\n<p><!-- \/wp:paragraph --><\/p>\t\t\t\t\t\t<\/div>\n\t\t\t\t<\/div>\n\t\t\t\t\t<\/div>\n\t\t<\/div>\n\t\t\t\t\t<\/div>\n\t\t<\/section>\n\t\t\t\t<section class=\"elementor-section elementor-top-section elementor-element elementor-element-312a296 elementor-section-boxed elementor-section-height-default elementor-section-height-default\" data-id=\"312a296\" data-element_type=\"section\">\n\t\t\t\t\t\t<div class=\"elementor-container elementor-column-gap-default\">\n\t\t\t\t\t<div class=\"elementor-column elementor-col-100 elementor-top-column elementor-element elementor-element-8dc41fc\" data-id=\"8dc41fc\" data-element_type=\"column\">\n\t\t\t<div class=\"elementor-widget-wrap elementor-element-populated\">\n\t\t\t\t\t\t<div class=\"elementor-element elementor-element-179298e elementor-widget elementor-widget-gallery\" data-id=\"179298e\" data-element_type=\"widget\" data-settings=\"{&quot;lazyload&quot;:&quot;yes&quot;,&quot;gallery_layout&quot;:&quot;grid&quot;,&quot;columns&quot;:4,&quot;columns_tablet&quot;:2,&quot;columns_mobile&quot;:1,&quot;gap&quot;:{&quot;unit&quot;:&quot;px&quot;,&quot;size&quot;:10,&quot;sizes&quot;:[]},&quot;gap_tablet&quot;:{&quot;unit&quot;:&quot;px&quot;,&quot;size&quot;:10,&quot;sizes&quot;:[]},&quot;gap_mobile&quot;:{&quot;unit&quot;:&quot;px&quot;,&quot;size&quot;:10,&quot;sizes&quot;:[]},&quot;link_to&quot;:&quot;file&quot;,&quot;aspect_ratio&quot;:&quot;3:2&quot;,&quot;overlay_background&quot;:&quot;yes&quot;,&quot;content_hover_animation&quot;:&quot;fade-in&quot;}\" data-widget_type=\"gallery.default\">\n\t\t\t\t<div class=\"elementor-widget-container\">\n\t\t\t\t\t<div class=\"elementor-gallery__container\">\n\t\t\t\t\t\t\t<a class=\"e-gallery-item elementor-gallery-item elementor-animated-content\" href=\"https:\/\/zmm.lt\/wp-content\/uploads\/2023\/03\/IMG-3765-scaled.jpg\" data-elementor-open-lightbox=\"yes\" data-elementor-lightbox-slideshow=\"all-179298e\" data-elementor-lightbox-title=\"IMG-3765\" data-e-action-hash=\"#elementor-action%3Aaction%3Dlightbox%26settings%3DeyJpZCI6OTAxLCJ1cmwiOiJodHRwczpcL1wvem1tLmx0XC93cC1jb250ZW50XC91cGxvYWRzXC8yMDIzXC8wM1wvSU1HLTM3NjUtc2NhbGVkLmpwZyIsInNsaWRlc2hvdyI6ImFsbC0xNzkyOThlIn0%3D\">\n\t\t\t\t\t<div class=\"e-gallery-image elementor-gallery-item__image\" data-thumbnail=\"https:\/\/zmm.lt\/wp-content\/uploads\/2023\/03\/IMG-3765-209x300.jpg\" data-width=\"209\" data-height=\"300\" alt=\"\" ><\/div>\n\t\t\t\t\t\t\t\t\t\t\t<div class=\"elementor-gallery-item__overlay\"><\/div>\n\t\t\t\t\t\t\t\t\t\t\t\t\t\t<\/a>\n\t\t\t\t\t\t\t<a class=\"e-gallery-item elementor-gallery-item elementor-animated-content\" href=\"https:\/\/zmm.lt\/wp-content\/uploads\/2023\/03\/IMG-3764-scaled.jpg\" data-elementor-open-lightbox=\"yes\" data-elementor-lightbox-slideshow=\"all-179298e\" data-elementor-lightbox-title=\"IMG-3764\" data-e-action-hash=\"#elementor-action%3Aaction%3Dlightbox%26settings%3DeyJpZCI6OTAwLCJ1cmwiOiJodHRwczpcL1wvem1tLmx0XC93cC1jb250ZW50XC91cGxvYWRzXC8yMDIzXC8wM1wvSU1HLTM3NjQtc2NhbGVkLmpwZyIsInNsaWRlc2hvdyI6ImFsbC0xNzkyOThlIn0%3D\">\n\t\t\t\t\t<div class=\"e-gallery-image elementor-gallery-item__image\" data-thumbnail=\"https:\/\/zmm.lt\/wp-content\/uploads\/2023\/03\/IMG-3764-208x300.jpg\" data-width=\"208\" data-height=\"300\" alt=\"\" ><\/div>\n\t\t\t\t\t\t\t\t\t\t\t<div class=\"elementor-gallery-item__overlay\"><\/div>\n\t\t\t\t\t\t\t\t\t\t\t\t\t\t<\/a>\n\t\t\t\t\t\t\t<a class=\"e-gallery-item elementor-gallery-item elementor-animated-content\" href=\"https:\/\/zmm.lt\/wp-content\/uploads\/2023\/03\/IMG-3763-scaled.jpg\" data-elementor-open-lightbox=\"yes\" data-elementor-lightbox-slideshow=\"all-179298e\" data-elementor-lightbox-title=\"IMG-3763\" data-e-action-hash=\"#elementor-action%3Aaction%3Dlightbox%26settings%3DeyJpZCI6ODk5LCJ1cmwiOiJodHRwczpcL1wvem1tLmx0XC93cC1jb250ZW50XC91cGxvYWRzXC8yMDIzXC8wM1wvSU1HLTM3NjMtc2NhbGVkLmpwZyIsInNsaWRlc2hvdyI6ImFsbC0xNzkyOThlIn0%3D\">\n\t\t\t\t\t<div class=\"e-gallery-image elementor-gallery-item__image\" data-thumbnail=\"https:\/\/zmm.lt\/wp-content\/uploads\/2023\/03\/IMG-3763-212x300.jpg\" data-width=\"212\" data-height=\"300\" alt=\"\" ><\/div>\n\t\t\t\t\t\t\t\t\t\t\t<div class=\"elementor-gallery-item__overlay\"><\/div>\n\t\t\t\t\t\t\t\t\t\t\t\t\t\t<\/a>\n\t\t\t\t\t\t\t<a class=\"e-gallery-item elementor-gallery-item elementor-animated-content\" href=\"https:\/\/zmm.lt\/wp-content\/uploads\/2023\/03\/IMG-3762-scaled.jpg\" data-elementor-open-lightbox=\"yes\" data-elementor-lightbox-slideshow=\"all-179298e\" data-elementor-lightbox-title=\"IMG-3762\" data-e-action-hash=\"#elementor-action%3Aaction%3Dlightbox%26settings%3DeyJpZCI6ODk4LCJ1cmwiOiJodHRwczpcL1wvem1tLmx0XC93cC1jb250ZW50XC91cGxvYWRzXC8yMDIzXC8wM1wvSU1HLTM3NjItc2NhbGVkLmpwZyIsInNsaWRlc2hvdyI6ImFsbC0xNzkyOThlIn0%3D\">\n\t\t\t\t\t<div class=\"e-gallery-image elementor-gallery-item__image\" data-thumbnail=\"https:\/\/zmm.lt\/wp-content\/uploads\/2023\/03\/IMG-3762-209x300.jpg\" data-width=\"209\" data-height=\"300\" alt=\"\" ><\/div>\n\t\t\t\t\t\t\t\t\t\t\t<div class=\"elementor-gallery-item__overlay\"><\/div>\n\t\t\t\t\t\t\t\t\t\t\t\t\t\t<\/a>\n\t\t\t\t\t\t\t<a class=\"e-gallery-item elementor-gallery-item elementor-animated-content\" href=\"https:\/\/zmm.lt\/wp-content\/uploads\/2023\/03\/IMG-3761-scaled.jpg\" data-elementor-open-lightbox=\"yes\" data-elementor-lightbox-slideshow=\"all-179298e\" data-elementor-lightbox-title=\"IMG-3761\" data-e-action-hash=\"#elementor-action%3Aaction%3Dlightbox%26settings%3DeyJpZCI6ODk3LCJ1cmwiOiJodHRwczpcL1wvem1tLmx0XC93cC1jb250ZW50XC91cGxvYWRzXC8yMDIzXC8wM1wvSU1HLTM3NjEtc2NhbGVkLmpwZyIsInNsaWRlc2hvdyI6ImFsbC0xNzkyOThlIn0%3D\">\n\t\t\t\t\t<div class=\"e-gallery-image elementor-gallery-item__image\" data-thumbnail=\"https:\/\/zmm.lt\/wp-content\/uploads\/2023\/03\/IMG-3761-215x300.jpg\" data-width=\"215\" data-height=\"300\" alt=\"\" ><\/div>\n\t\t\t\t\t\t\t\t\t\t\t<div class=\"elementor-gallery-item__overlay\"><\/div>\n\t\t\t\t\t\t\t\t\t\t\t\t\t\t<\/a>\n\t\t\t\t\t\t\t<a class=\"e-gallery-item elementor-gallery-item elementor-animated-content\" href=\"https:\/\/zmm.lt\/wp-content\/uploads\/2023\/03\/IMG-3760-scaled.jpg\" data-elementor-open-lightbox=\"yes\" data-elementor-lightbox-slideshow=\"all-179298e\" data-elementor-lightbox-title=\"IMG-3760\" data-e-action-hash=\"#elementor-action%3Aaction%3Dlightbox%26settings%3DeyJpZCI6ODk2LCJ1cmwiOiJodHRwczpcL1wvem1tLmx0XC93cC1jb250ZW50XC91cGxvYWRzXC8yMDIzXC8wM1wvSU1HLTM3NjAtc2NhbGVkLmpwZyIsInNsaWRlc2hvdyI6ImFsbC0xNzkyOThlIn0%3D\">\n\t\t\t\t\t<div class=\"e-gallery-image elementor-gallery-item__image\" data-thumbnail=\"https:\/\/zmm.lt\/wp-content\/uploads\/2023\/03\/IMG-3760-205x300.jpg\" data-width=\"205\" data-height=\"300\" alt=\"\" ><\/div>\n\t\t\t\t\t\t\t\t\t\t\t<div class=\"elementor-gallery-item__overlay\"><\/div>\n\t\t\t\t\t\t\t\t\t\t\t\t\t\t<\/a>\n\t\t\t\t\t\t\t<a class=\"e-gallery-item elementor-gallery-item elementor-animated-content\" href=\"https:\/\/zmm.lt\/wp-content\/uploads\/2023\/03\/IMG-3759-scaled.jpg\" data-elementor-open-lightbox=\"yes\" data-elementor-lightbox-slideshow=\"all-179298e\" data-elementor-lightbox-title=\"IMG-3759\" data-e-action-hash=\"#elementor-action%3Aaction%3Dlightbox%26settings%3DeyJpZCI6ODk1LCJ1cmwiOiJodHRwczpcL1wvem1tLmx0XC93cC1jb250ZW50XC91cGxvYWRzXC8yMDIzXC8wM1wvSU1HLTM3NTktc2NhbGVkLmpwZyIsInNsaWRlc2hvdyI6ImFsbC0xNzkyOThlIn0%3D\">\n\t\t\t\t\t<div class=\"e-gallery-image elementor-gallery-item__image\" data-thumbnail=\"https:\/\/zmm.lt\/wp-content\/uploads\/2023\/03\/IMG-3759-300x219.jpg\" data-width=\"300\" data-height=\"219\" alt=\"\" ><\/div>\n\t\t\t\t\t\t\t\t\t\t\t<div class=\"elementor-gallery-item__overlay\"><\/div>\n\t\t\t\t\t\t\t\t\t\t\t\t\t\t<\/a>\n\t\t\t\t\t\t\t<a class=\"e-gallery-item elementor-gallery-item elementor-animated-content\" href=\"https:\/\/zmm.lt\/wp-content\/uploads\/2023\/03\/IMG-3758-scaled.jpg\" data-elementor-open-lightbox=\"yes\" data-elementor-lightbox-slideshow=\"all-179298e\" data-elementor-lightbox-title=\"IMG-3758\" data-e-action-hash=\"#elementor-action%3Aaction%3Dlightbox%26settings%3DeyJpZCI6ODk0LCJ1cmwiOiJodHRwczpcL1wvem1tLmx0XC93cC1jb250ZW50XC91cGxvYWRzXC8yMDIzXC8wM1wvSU1HLTM3NTgtc2NhbGVkLmpwZyIsInNsaWRlc2hvdyI6ImFsbC0xNzkyOThlIn0%3D\">\n\t\t\t\t\t<div class=\"e-gallery-image elementor-gallery-item__image\" data-thumbnail=\"https:\/\/zmm.lt\/wp-content\/uploads\/2023\/03\/IMG-3758-300x212.jpg\" data-width=\"300\" data-height=\"212\" alt=\"\" ><\/div>\n\t\t\t\t\t\t\t\t\t\t\t<div class=\"elementor-gallery-item__overlay\"><\/div>\n\t\t\t\t\t\t\t\t\t\t\t\t\t\t<\/a>\n\t\t\t\t\t\t\t<a class=\"e-gallery-item elementor-gallery-item elementor-animated-content\" href=\"https:\/\/zmm.lt\/wp-content\/uploads\/2023\/03\/IMG-3757-scaled.jpg\" data-elementor-open-lightbox=\"yes\" data-elementor-lightbox-slideshow=\"all-179298e\" data-elementor-lightbox-title=\"IMG-3757\" data-e-action-hash=\"#elementor-action%3Aaction%3Dlightbox%26settings%3DeyJpZCI6ODkzLCJ1cmwiOiJodHRwczpcL1wvem1tLmx0XC93cC1jb250ZW50XC91cGxvYWRzXC8yMDIzXC8wM1wvSU1HLTM3NTctc2NhbGVkLmpwZyIsInNsaWRlc2hvdyI6ImFsbC0xNzkyOThlIn0%3D\">\n\t\t\t\t\t<div class=\"e-gallery-image elementor-gallery-item__image\" data-thumbnail=\"https:\/\/zmm.lt\/wp-content\/uploads\/2023\/03\/IMG-3757-213x300.jpg\" data-width=\"213\" data-height=\"300\" alt=\"\" ><\/div>\n\t\t\t\t\t\t\t\t\t\t\t<div class=\"elementor-gallery-item__overlay\"><\/div>\n\t\t\t\t\t\t\t\t\t\t\t\t\t\t<\/a>\n\t\t\t\t\t\t\t<a class=\"e-gallery-item elementor-gallery-item elementor-animated-content\" href=\"https:\/\/zmm.lt\/wp-content\/uploads\/2023\/03\/IMG-3756-scaled.jpg\" data-elementor-open-lightbox=\"yes\" data-elementor-lightbox-slideshow=\"all-179298e\" data-elementor-lightbox-title=\"IMG-3756\" data-e-action-hash=\"#elementor-action%3Aaction%3Dlightbox%26settings%3DeyJpZCI6ODkyLCJ1cmwiOiJodHRwczpcL1wvem1tLmx0XC93cC1jb250ZW50XC91cGxvYWRzXC8yMDIzXC8wM1wvSU1HLTM3NTYtc2NhbGVkLmpwZyIsInNsaWRlc2hvdyI6ImFsbC0xNzkyOThlIn0%3D\">\n\t\t\t\t\t<div class=\"e-gallery-image elementor-gallery-item__image\" data-thumbnail=\"https:\/\/zmm.lt\/wp-content\/uploads\/2023\/03\/IMG-3756-222x300.jpg\" data-width=\"222\" data-height=\"300\" alt=\"\" ><\/div>\n\t\t\t\t\t\t\t\t\t\t\t<div class=\"elementor-gallery-item__overlay\"><\/div>\n\t\t\t\t\t\t\t\t\t\t\t\t\t\t<\/a>\n\t\t\t\t\t\t\t<a class=\"e-gallery-item elementor-gallery-item elementor-animated-content\" href=\"https:\/\/zmm.lt\/wp-content\/uploads\/2023\/03\/IMG-3754-scaled.jpg\" data-elementor-open-lightbox=\"yes\" data-elementor-lightbox-slideshow=\"all-179298e\" data-elementor-lightbox-title=\"IMG-3754\" data-e-action-hash=\"#elementor-action%3Aaction%3Dlightbox%26settings%3DeyJpZCI6ODkxLCJ1cmwiOiJodHRwczpcL1wvem1tLmx0XC93cC1jb250ZW50XC91cGxvYWRzXC8yMDIzXC8wM1wvSU1HLTM3NTQtc2NhbGVkLmpwZyIsInNsaWRlc2hvdyI6ImFsbC0xNzkyOThlIn0%3D\">\n\t\t\t\t\t<div class=\"e-gallery-image elementor-gallery-item__image\" data-thumbnail=\"https:\/\/zmm.lt\/wp-content\/uploads\/2023\/03\/IMG-3754-242x300.jpg\" data-width=\"242\" data-height=\"300\" alt=\"\" ><\/div>\n\t\t\t\t\t\t\t\t\t\t\t<div class=\"elementor-gallery-item__overlay\"><\/div>\n\t\t\t\t\t\t\t\t\t\t\t\t\t\t<\/a>\n\t\t\t\t\t<\/div>\n\t\t\t<\/div>\n\t\t\t\t<\/div>\n\t\t\t\t\t<\/div>\n\t\t<\/div>\n\t\t\t\t\t<\/div>\n\t\t<\/section>\n\t\t\t\t<\/div>\n\t\t","protected":false},"excerpt":{"rendered":"<p>\u00a0 PATY\u010cI\u0172 D\u0116\u017dUT\u0116\u00a0 &#8211; \u010dia pra\u0161ome anonimi\u0161kai prane\u0161ti bet kokius paty\u010di\u0173 atvejus, jie bus svarstomi mokyklos Vaiko gerov\u0117s komisijoje ir atitinkamai reaguojama. Prane\u0161im\u0105 galima u\u017epildyti internete (paspaudus \u017eemiau esant\u012f mygtuk\u0105 &#8220;PATY\u010cI\u0172 D\u0116\u017dUT\u0116&#8221; arba galima u\u017epildyti popierin\u012f variant\u0105 ir \u012fmesti \u012f d\u0117\u017eut\u0119 mokykloje: P A T Y \u010c I \u0172 D \u0116 \u017d U T \u0116\u00a0\u00a0(spauskite &hellip; <a href=\"https:\/\/zmm.lt\/?page_id=397\" class=\"more-link\">Continue reading <span class=\"screen-reader-text\">Paty\u010di\u0173 prevencija<\/span> <span class=\"meta-nav\">&rarr;<\/span><\/a><\/p>\n","protected":false},"author":1,"featured_media":0,"parent":0,"menu_order":0,"comment_status":"closed","ping_status":"closed","template":"elementor_theme","meta":{"footnotes":""},"class_list":["post-397","page","type-page","status-publish","hentry"],"_links":{"self":[{"href":"https:\/\/zmm.lt\/index.php?rest_route=\/wp\/v2\/pages\/397","targetHints":{"allow":["GET"]}}],"collection":[{"href":"https:\/\/zmm.lt\/index.php?rest_route=\/wp\/v2\/pages"}],"about":[{"href":"https:\/\/zmm.lt\/index.php?rest_route=\/wp\/v2\/types\/page"}],"author":[{"embeddable":true,"href":"https:\/\/zmm.lt\/index.php?rest_route=\/wp\/v2\/users\/1"}],"replies":[{"embeddable":true,"href":"https:\/\/zmm.lt\/index.php?rest_route=%2Fwp%2Fv2%2Fcomments&post=397"}],"version-history":[{"count":40,"href":"https:\/\/zmm.lt\/index.php?rest_route=\/wp\/v2\/pages\/397\/revisions"}],"predecessor-version":[{"id":2076,"href":"https:\/\/zmm.lt\/index.php?rest_route=\/wp\/v2\/pages\/397\/revisions\/2076"}],"wp:attachment":[{"href":"https:\/\/zmm.lt\/index.php?rest_route=%2Fwp%2Fv2%2Fmedia&parent=397"}],"curies":[{"name":"wp","href":"https:\/\/api.w.org\/{rel}","templated":true}]}}