{"id":39,"date":"2022-06-14T11:34:16","date_gmt":"2022-06-14T11:34:16","guid":{"rendered":"http:\/\/sbtestpage.lt\/?page_id=39"},"modified":"2025-06-26T05:05:43","modified_gmt":"2025-06-26T05:05:43","slug":"apie-mus","status":"publish","type":"page","link":"https:\/\/zmm.lt\/?page_id=39","title":{"rendered":"Apie mus"},"content":{"rendered":"\t\t<div data-elementor-type=\"wp-page\" data-elementor-id=\"39\" class=\"elementor elementor-39\">\n\t\t\t\t<div class=\"elementor-element elementor-element-48e66c8 e-flex e-con-boxed e-con e-parent\" data-id=\"48e66c8\" data-element_type=\"container\">\n\t\t\t\t\t<div class=\"e-con-inner\">\n\t\t<div class=\"elementor-element elementor-element-75ff5ec e-con-full e-flex e-con e-child\" data-id=\"75ff5ec\" data-element_type=\"container\">\n\t\t\t\t<div class=\"elementor-element elementor-element-c633eb2 elementor-widget elementor-widget-text-editor\" data-id=\"c633eb2\" data-element_type=\"widget\" data-widget_type=\"text-editor.default\">\n\t\t\t\t<div class=\"elementor-widget-container\">\n\t\t\t\t\t\t\t<h4><span style=\"text-decoration: underline;\"><a href=\"https:\/\/zmm.lt\/?page_id=2339\">MOKYKLOS ISTORIJA<\/a><\/span><\/h4>\t\t\t\t\t\t<\/div>\n\t\t\t\t<\/div>\n\t\t\t\t<\/div>\n\t\t<div class=\"elementor-element elementor-element-8dd9c36 e-con-full e-flex e-con e-child\" data-id=\"8dd9c36\" data-element_type=\"container\">\n\t\t\t\t<div class=\"elementor-element elementor-element-9422800 elementor-widget elementor-widget-text-editor\" data-id=\"9422800\" data-element_type=\"widget\" data-widget_type=\"text-editor.default\">\n\t\t\t\t<div class=\"elementor-widget-container\">\n\t\t\t\t\t\t\t<h4><span style=\"text-decoration: underline;\"><a href=\"https:\/\/zmm.lt\/?page_id=2295\">APIE MOKYKL\u0104<\/a><\/span><\/h4>\t\t\t\t\t\t<\/div>\n\t\t\t\t<\/div>\n\t\t\t\t<\/div>\n\t\t<div class=\"elementor-element elementor-element-85845af e-con-full e-flex e-con e-child\" data-id=\"85845af\" data-element_type=\"container\">\n\t\t\t\t<div class=\"elementor-element elementor-element-6fe3b5f elementor-widget elementor-widget-text-editor\" data-id=\"6fe3b5f\" data-element_type=\"widget\" data-widget_type=\"text-editor.default\">\n\t\t\t\t<div class=\"elementor-widget-container\">\n\t\t\t\t\t\t\t<h4><span style=\"text-decoration: underline;\"><a href=\"https:\/\/zmm.lt\/?page_id=2354\">M\u016aS\u0172 IDENTITETAS<\/a><\/span><\/h4>\t\t\t\t\t\t<\/div>\n\t\t\t\t<\/div>\n\t\t\t\t<\/div>\n\t\t<div class=\"elementor-element elementor-element-abcd674 e-con-full e-flex e-con e-child\" data-id=\"abcd674\" data-element_type=\"container\">\n\t\t\t\t<div class=\"elementor-element elementor-element-e2f84d8 elementor-widget elementor-widget-text-editor\" data-id=\"e2f84d8\" data-element_type=\"widget\" data-widget_type=\"text-editor.default\">\n\t\t\t\t<div class=\"elementor-widget-container\">\n\t\t\t\t\t\t\t<h4><span style=\"text-decoration: underline;\"><a href=\"https:\/\/zmm.lt\/?page_id=2367\">SAVIVALDA<\/a><\/span><\/h4>\t\t\t\t\t\t<\/div>\n\t\t\t\t<\/div>\n\t\t\t\t<\/div>\n\t\t\t\t\t<\/div>\n\t\t\t\t<\/div>\n\t\t<div class=\"elementor-element elementor-element-1d9e41d e-flex e-con-boxed e-con e-parent\" data-id=\"1d9e41d\" data-element_type=\"container\">\n\t\t\t\t\t<div class=\"e-con-inner\">\n\t\t\t\t<div class=\"elementor-element elementor-element-4ce042b elementor-widget elementor-widget-text-editor\" data-id=\"4ce042b\" data-element_type=\"widget\" data-widget_type=\"text-editor.default\">\n\t\t\t\t<div class=\"elementor-widget-container\">\n\t\t\t\t\t\t\t<h2><strong>KURIAME IR AUGAME KARTU<\/strong><\/h2>\t\t\t\t\t\t<\/div>\n\t\t\t\t<\/div>\n\t\t\t\t\t<\/div>\n\t\t\t\t<\/div>\n\t\t\t\t<section class=\"elementor-section elementor-top-section elementor-element elementor-element-c769e18 elementor-section-boxed elementor-section-height-default elementor-section-height-default\" data-id=\"c769e18\" data-element_type=\"section\">\n\t\t\t\t\t\t<div class=\"elementor-container elementor-column-gap-default\">\n\t\t\t\t\t<div class=\"elementor-column elementor-col-100 elementor-top-column elementor-element elementor-element-cd188e2\" data-id=\"cd188e2\" data-element_type=\"column\">\n\t\t\t<div class=\"elementor-widget-wrap elementor-element-populated\">\n\t\t\t\t\t\t<div class=\"elementor-element elementor-element-ad20c39 elementor-widget elementor-widget-text-editor\" data-id=\"ad20c39\" data-element_type=\"widget\" data-widget_type=\"text-editor.default\">\n\t\t\t\t<div class=\"elementor-widget-container\">\n\t\t\t\t\t\t\t<p><strong>Vizija<\/strong> \u2013 k\u016brybinga, motyvuojanti, teikianti kokybi\u0161kas neformalaus \u0161vietimo paslaugas mokykla, siekianti ugdyti savaranki\u0161k\u0105, visapusi\u0161kai i\u0161silavinusi\u0105 jaun\u0105j\u0105 kart\u0105, sugeban\u010di\u0105 atsakingai kurti savo gyvenim\u0105, galin\u010di\u0105 pritaikyti \u012fgytas \u017einias, sugeb\u0117jimus ir kompetencij\u0105 besikei\u010dian\u010dioje visuomen\u0117je, realizuojan\u010di\u0105 mokymosi vis\u0105 gyvenim\u0105 id\u0117j\u0105, mokan\u010di\u0105 \u012fsitvirtinti Lietuvos ir Europos kult\u016bros erdv\u0117je.<\/p><p><strong>Misija <\/strong>\u2013 tenkinti Zaras\u0173 rajono mokini\u0173 pa\u017einimo, lavinimosi ir savirai\u0161kos poreikius, pad\u0117ti jiems tapti aktyviais visuomen\u0117s nariais bei pagal neformaliojo ugdymo programas sistemi\u0161kai pl\u0117sti j\u0173 muzikos, dail\u0117s ir choreografijos sri\u010di\u0173 \u017einias, stiprinti geb\u0117jimus ir \u012fg\u016bd\u017eius ir suteikti jiems papildomas kompetencijas.<\/p><p><strong>Tikslas<\/strong> \u2013 ugdyti visapusi\u0161kai brand\u017eias asmenybes puosel\u0117jant mokini\u0173 menin\u0119 prigimt\u012f ir individualyb\u0119, atskleid\u017eiant bei pl\u0117tojant j\u0173 geb\u0117jimus ir talent\u0105.<\/p><p><strong>Vertyb\u0117s:<\/strong><\/p><ul><li>K\u016brybi\u0161kumas<\/li><li>Tobul\u0117jimas<\/li><li>Atsakomyb\u0117<\/li><li>Demokrati\u0161kumas<\/li><li>Tolerancija<\/li><\/ul><p><strong>Principai:<\/strong><\/p><ol><li><em>Lygi\u0173 galimybi\u0173 principas.<\/em> Mokykla yra socialiai teisinga, ji u\u017etikrina asmen\u0173 lygyb\u0119, nepaisant j\u0173 lyties, ras\u0117s, tautyb\u0117s, kalbos, kilm\u0117s, socialin\u0117s pad\u0117ties, tik\u0117jimo, \u012fsitikinim\u0173 ar pa\u017ei\u016br\u0173.<\/li><li><em>Humani\u0161kumo principas.<\/em> Vaikas gerbiamas kaip asmenyb\u0117, turinti ry\u0161ki\u0173 prigimtini\u0173 bruo\u017e\u0173, kuriuos reikia pad\u0117ti ugdyti. Ugdymas vyksta ramioje, saugioje aplinkoje, kurioje vaikas turi galimybi\u0173 i\u0161reik\u0161ti save, parodyti savo geb\u0117jimus, k\u016brybi\u0161kum\u0105.<\/li><li><em>Demokrati\u0161kumo principas.<\/em> Skatinama lygiavert\u0117 vaiko ir suaugusiojo partneryst\u0117 ir s\u0105veika, kai ugdytojas orientuojasi \u012f vaik\u0105 kaip \u012f asmenyb\u0119, ugdomas kriti\u0161kai m\u0105stantis, toleranti\u0161kas, iniciatyvus, mokantis bendrauti su kitais \u017emogus. Skatinamas mokyklos bendruomen\u0117s nari\u0173 bendradarbiavimas, iniciatyv\u0173 derinimas, partneryst\u0117s pl\u0117tojimas.<\/li><li><em>Individualizavimo principas.<\/em> Mokykla remiasi samprata, kad visi vaikai yra skirtingi: skiriasi pa\u017einimo bei mokymosi tempas ir b\u016bdai, poreikiai, geb\u0117jimai, galimyb\u0117s, patirtis, asmenin\u0117s savyb\u0117s. Vaikams sudaromos galimyb\u0117s ugdytis pagal savo geb\u0117jimus, poreikius, am\u017ei\u0173, parenkant atitinkamus metodus, turin\u012f, pritaikant aplink\u0105.<\/li><li><em>T\u0119stinumo principas.<\/em> Mokykla siekiame darnaus vaiko ugdymo, u\u017etikrinant nuosekl\u0173 ugdymo t\u0119stinum\u0105.<\/li><li><em>Kontekstualumo principas.<\/em> Ugdymo turinys glaud\u017eiai siejamas su artimiausia vaiko aplinka, socialiniais, kult\u016briniais jos poky\u010diais, siekiama, kad vaiko ugdymo patirtys jam b\u016bt\u0173 prasmingos, aktualios ir \u012fdomios.<\/li><li><em>Atsinaujinimo principas.<\/em> Ie\u0161kome inovatyvi\u0173 ugdymo(si) metod\u0173 ir b\u016bd\u0173, mokom\u0117s taikyti juos ugdymo procese, skatiname IT diegimo naujoves, sudarant palankias s\u0105lygas vaiko k\u016brybinei rai\u0161kai ir iniciatyvai, teigiamoms emocijoms.<\/li><\/ol><p><strong>Prioritetin\u0117s sritys:<\/strong><\/p><ol><li>Ugdymo kokyb\u0117<\/li><li>Paty\u010di\u0173 prevencija<\/li><li>Mokyklos kult\u016bra<\/li><li>Edukacini\u0173 erdvi\u0173 tobulinimas<\/li><\/ol>\t\t\t\t\t\t<\/div>\n\t\t\t\t<\/div>\n\t\t\t\t\t<\/div>\n\t\t<\/div>\n\t\t\t\t\t<\/div>\n\t\t<\/section>\n\t\t\t\t<\/div>\n\t\t","protected":false},"excerpt":{"rendered":"<p>MOKYKLOS ISTORIJA APIE MOKYKL\u0104 M\u016aS\u0172 IDENTITETAS SAVIVALDA KURIAME IR AUGAME KARTU Vizija \u2013 k\u016brybinga, motyvuojanti, teikianti kokybi\u0161kas neformalaus \u0161vietimo paslaugas mokykla, siekianti ugdyti savaranki\u0161k\u0105, visapusi\u0161kai i\u0161silavinusi\u0105 jaun\u0105j\u0105 kart\u0105, sugeban\u010di\u0105 atsakingai kurti savo gyvenim\u0105, galin\u010di\u0105 pritaikyti \u012fgytas \u017einias, sugeb\u0117jimus ir kompetencij\u0105 besikei\u010dian\u010dioje visuomen\u0117je, realizuojan\u010di\u0105 mokymosi vis\u0105 gyvenim\u0105 id\u0117j\u0105, mokan\u010di\u0105 \u012fsitvirtinti Lietuvos ir Europos kult\u016bros erdv\u0117je. Misija &hellip; <a href=\"https:\/\/zmm.lt\/?page_id=39\" class=\"more-link\">Continue reading <span class=\"screen-reader-text\">Apie mus<\/span> <span class=\"meta-nav\">&rarr;<\/span><\/a><\/p>\n","protected":false},"author":1,"featured_media":0,"parent":0,"menu_order":0,"comment_status":"closed","ping_status":"closed","template":"","meta":{"footnotes":""},"class_list":["post-39","page","type-page","status-publish","hentry"],"_links":{"self":[{"href":"https:\/\/zmm.lt\/index.php?rest_route=\/wp\/v2\/pages\/39","targetHints":{"allow":["GET"]}}],"collection":[{"href":"https:\/\/zmm.lt\/index.php?rest_route=\/wp\/v2\/pages"}],"about":[{"href":"https:\/\/zmm.lt\/index.php?rest_route=\/wp\/v2\/types\/page"}],"author":[{"embeddable":true,"href":"https:\/\/zmm.lt\/index.php?rest_route=\/wp\/v2\/users\/1"}],"replies":[{"embeddable":true,"href":"https:\/\/zmm.lt\/index.php?rest_route=%2Fwp%2Fv2%2Fcomments&post=39"}],"version-history":[{"count":13,"href":"https:\/\/zmm.lt\/index.php?rest_route=\/wp\/v2\/pages\/39\/revisions"}],"predecessor-version":[{"id":2416,"href":"https:\/\/zmm.lt\/index.php?rest_route=\/wp\/v2\/pages\/39\/revisions\/2416"}],"wp:attachment":[{"href":"https:\/\/zmm.lt\/index.php?rest_route=%2Fwp%2Fv2%2Fmedia&parent=39"}],"curies":[{"name":"wp","href":"https:\/\/api.w.org\/{rel}","templated":true}]}}