{"id":276,"date":"2022-07-26T07:54:31","date_gmt":"2022-07-26T07:54:31","guid":{"rendered":"http:\/\/sbtestpage.lt\/?page_id=276"},"modified":"2025-05-04T15:25:38","modified_gmt":"2025-05-04T15:25:38","slug":"naujienos","status":"publish","type":"page","link":"https:\/\/zmm.lt\/","title":{"rendered":"Naujienos"},"content":{"rendered":"\t\t<div data-elementor-type=\"wp-page\" data-elementor-id=\"276\" class=\"elementor elementor-276\">\n\t\t\t\t\t\t<section class=\"elementor-section elementor-top-section elementor-element elementor-element-4a5d572 elementor-section-boxed elementor-section-height-default elementor-section-height-default\" data-id=\"4a5d572\" data-element_type=\"section\" data-settings=\"{&quot;background_background&quot;:&quot;classic&quot;}\">\n\t\t\t\t\t\t\t<div class=\"elementor-background-overlay\"><\/div>\n\t\t\t\t\t\t\t<div class=\"elementor-container elementor-column-gap-default\">\n\t\t\t\t\t<div class=\"elementor-column elementor-col-100 elementor-top-column elementor-element elementor-element-ff41f76\" data-id=\"ff41f76\" data-element_type=\"column\">\n\t\t\t<div class=\"elementor-widget-wrap elementor-element-populated\">\n\t\t\t\t\t\t<div class=\"elementor-element elementor-element-e28732a elementor-grid-2 elementor-posts--align-center elementor-grid-tablet-2 elementor-grid-mobile-1 elementor-posts--thumbnail-top elementor-card-shadow-yes elementor-posts__hover-gradient elementor-widget elementor-widget-posts\" data-id=\"e28732a\" data-element_type=\"widget\" data-settings=\"{&quot;cards_columns&quot;:&quot;2&quot;,&quot;pagination_type&quot;:&quot;numbers&quot;,&quot;cards_row_gap&quot;:{&quot;unit&quot;:&quot;px&quot;,&quot;size&quot;:30,&quot;sizes&quot;:[]},&quot;cards_columns_tablet&quot;:&quot;2&quot;,&quot;cards_columns_mobile&quot;:&quot;1&quot;,&quot;cards_row_gap_tablet&quot;:{&quot;unit&quot;:&quot;px&quot;,&quot;size&quot;:&quot;&quot;,&quot;sizes&quot;:[]},&quot;cards_row_gap_mobile&quot;:{&quot;unit&quot;:&quot;px&quot;,&quot;size&quot;:&quot;&quot;,&quot;sizes&quot;:[]}}\" data-widget_type=\"posts.cards\">\n\t\t\t\t<div class=\"elementor-widget-container\">\n\t\t\t\t\t<div class=\"elementor-posts-container elementor-posts elementor-posts--skin-cards elementor-grid\">\n\t\t\t\t<article class=\"elementor-post elementor-grid-item post-2931 post type-post status-publish format-standard has-post-thumbnail hentry category-uncategorized\">\n\t\t\t<div class=\"elementor-post__card\">\n\t\t\t\t<a class=\"elementor-post__thumbnail__link\" href=\"https:\/\/zmm.lt\/?p=2931\" ><div class=\"elementor-post__thumbnail\"><img fetchpriority=\"high\" decoding=\"async\" width=\"1038\" height=\"576\" src=\"https:\/\/zmm.lt\/wp-content\/uploads\/2026\/04\/2026-II-pusmecio-grafikas_Page_1-1038x576.jpg\" class=\"attachment-twentyfourteen-full-width size-twentyfourteen-full-width wp-image-2932\" alt=\"\" srcset=\"https:\/\/zmm.lt\/wp-content\/uploads\/2026\/04\/2026-II-pusmecio-grafikas_Page_1-1038x576.jpg 1038w, https:\/\/zmm.lt\/wp-content\/uploads\/2026\/04\/2026-II-pusmecio-grafikas_Page_1-672x372.jpg 672w\" sizes=\"(max-width: 1038px) 100vw, 1038px\" \/><\/div><\/a>\n\t\t\t\t<div class=\"elementor-post__text\">\n\t\t\t\t<h3 class=\"elementor-post__title\">\n\t\t\t<a href=\"https:\/\/zmm.lt\/?p=2931\" >\n\t\t\t\tGegu\u017e\u0117s m\u0117n. atsiskaitym\u0173 ir rengini\u0173 grafikas\t\t\t<\/a>\n\t\t<\/h3>\n\t\t\t\t<\/div>\n\t\t\t\t\t<\/div>\n\t\t<\/article>\n\t\t\t\t<article class=\"elementor-post elementor-grid-item post-2885 post type-post status-publish format-standard has-post-thumbnail hentry category-uncategorized\">\n\t\t\t<div class=\"elementor-post__card\">\n\t\t\t\t<a class=\"elementor-post__thumbnail__link\" href=\"https:\/\/zmm.lt\/?p=2885\" ><div class=\"elementor-post__thumbnail\"><img decoding=\"async\" width=\"1038\" height=\"576\" src=\"https:\/\/zmm.lt\/wp-content\/uploads\/2026\/04\/Ezeru-muza-logotipas-ilgas-1038x576.jpg\" class=\"attachment-twentyfourteen-full-width size-twentyfourteen-full-width wp-image-2888\" alt=\"\" srcset=\"https:\/\/zmm.lt\/wp-content\/uploads\/2026\/04\/Ezeru-muza-logotipas-ilgas-1038x576.jpg 1038w, https:\/\/zmm.lt\/wp-content\/uploads\/2026\/04\/Ezeru-muza-logotipas-ilgas-672x372.jpg 672w\" sizes=\"(max-width: 1038px) 100vw, 1038px\" \/><\/div><\/a>\n\t\t\t\t<div class=\"elementor-post__text\">\n\t\t\t\t<h3 class=\"elementor-post__title\">\n\t\t\t<a href=\"https:\/\/zmm.lt\/?p=2885\" >\n\t\t\t\tI-asis TARPTAUTINIS VIRTUALUS MUZIKOS IR MENO MOKYKL\u0172 JAUN\u0172J\u0172 PIANIST\u0172 KONKURSAS \u201eE\u017dER\u0172 M\u016aZA\u201c\t\t\t<\/a>\n\t\t<\/h3>\n\t\t\t\t<\/div>\n\t\t\t\t\t<\/div>\n\t\t<\/article>\n\t\t\t\t<article class=\"elementor-post elementor-grid-item post-2827 post type-post status-publish format-standard has-post-thumbnail hentry category-uncategorized\">\n\t\t\t<div class=\"elementor-post__card\">\n\t\t\t\t<a class=\"elementor-post__thumbnail__link\" href=\"https:\/\/zmm.lt\/?p=2827\" ><div class=\"elementor-post__thumbnail\"><img decoding=\"async\" width=\"1038\" height=\"576\" src=\"https:\/\/zmm.lt\/wp-content\/uploads\/2026\/03\/IMG_4945-1038x576.jpg\" class=\"attachment-twentyfourteen-full-width size-twentyfourteen-full-width wp-image-2839\" alt=\"\" srcset=\"https:\/\/zmm.lt\/wp-content\/uploads\/2026\/03\/IMG_4945-1038x576.jpg 1038w, https:\/\/zmm.lt\/wp-content\/uploads\/2026\/03\/IMG_4945-672x372.jpg 672w\" sizes=\"(max-width: 1038px) 100vw, 1038px\" \/><\/div><\/a>\n\t\t\t\t<div class=\"elementor-post__text\">\n\t\t\t\t<h3 class=\"elementor-post__title\">\n\t\t\t<a href=\"https:\/\/zmm.lt\/?p=2827\" >\n\t\t\t\tKompozitoriaus Fausto Lat\u0117no (1956\u20132020) 70-osioms gimimo metin\u0117ms pamin\u0117ti\t\t\t<\/a>\n\t\t<\/h3>\n\t\t\t\t<\/div>\n\t\t\t\t\t<\/div>\n\t\t<\/article>\n\t\t\t\t<article class=\"elementor-post elementor-grid-item post-2810 post type-post status-publish format-standard has-post-thumbnail hentry category-uncategorized\">\n\t\t\t<div class=\"elementor-post__card\">\n\t\t\t\t<a class=\"elementor-post__thumbnail__link\" href=\"https:\/\/zmm.lt\/?p=2810\" ><div class=\"elementor-post__thumbnail\"><img loading=\"lazy\" decoding=\"async\" width=\"1038\" height=\"576\" src=\"https:\/\/zmm.lt\/wp-content\/uploads\/2026\/03\/Plakatas-Master-Days-2026-NUSISYPSOK-1038x576.jpg\" class=\"attachment-twentyfourteen-full-width size-twentyfourteen-full-width wp-image-2811\" alt=\"\" srcset=\"https:\/\/zmm.lt\/wp-content\/uploads\/2026\/03\/Plakatas-Master-Days-2026-NUSISYPSOK-1038x576.jpg 1038w, https:\/\/zmm.lt\/wp-content\/uploads\/2026\/03\/Plakatas-Master-Days-2026-NUSISYPSOK-672x372.jpg 672w\" sizes=\"(max-width: 1038px) 100vw, 1038px\" \/><\/div><\/a>\n\t\t\t\t<div class=\"elementor-post__text\">\n\t\t\t\t<h3 class=\"elementor-post__title\">\n\t\t\t<a href=\"https:\/\/zmm.lt\/?p=2810\" >\n\t\t\t\tKovo m\u0117nesio renginiai Zaras\u0173 Fausto Lat\u0117no meno mokykloje\t\t\t<\/a>\n\t\t<\/h3>\n\t\t\t\t<\/div>\n\t\t\t\t\t<\/div>\n\t\t<\/article>\n\t\t\t\t<article class=\"elementor-post elementor-grid-item post-2754 post type-post status-publish format-standard hentry category-uncategorized\">\n\t\t\t<div class=\"elementor-post__card\">\n\t\t\t\t<div class=\"elementor-post__text\">\n\t\t\t\t<h3 class=\"elementor-post__title\">\n\t\t\t<a href=\"https:\/\/zmm.lt\/?p=2754\" >\n\t\t\t\tZaras\u0173 Fausto Lat\u0117no meno mokykla skelbia 2 kv. m. ploto dalies patalpos, esan\u010dios pastate, Dariaus ir Gir\u0117no g. 11, Zarasuose, vie\u0161\u0105 nuomos konkurs\u0105.\t\t\t<\/a>\n\t\t<\/h3>\n\t\t\t\t<\/div>\n\t\t\t\t\t<\/div>\n\t\t<\/article>\n\t\t\t\t<article class=\"elementor-post elementor-grid-item post-2739 post type-post status-publish format-standard has-post-thumbnail hentry category-uncategorized\">\n\t\t\t<div class=\"elementor-post__card\">\n\t\t\t\t<a class=\"elementor-post__thumbnail__link\" href=\"https:\/\/zmm.lt\/?p=2739\" ><div class=\"elementor-post__thumbnail\"><img loading=\"lazy\" decoding=\"async\" width=\"1038\" height=\"576\" src=\"https:\/\/zmm.lt\/wp-content\/uploads\/2026\/02\/IMG_4604-1-1038x576.jpeg\" class=\"attachment-twentyfourteen-full-width size-twentyfourteen-full-width wp-image-2741\" alt=\"\" srcset=\"https:\/\/zmm.lt\/wp-content\/uploads\/2026\/02\/IMG_4604-1-1038x576.jpeg 1038w, https:\/\/zmm.lt\/wp-content\/uploads\/2026\/02\/IMG_4604-1-672x372.jpeg 672w\" sizes=\"(max-width: 1038px) 100vw, 1038px\" \/><\/div><\/a>\n\t\t\t\t<div class=\"elementor-post__text\">\n\t\t\t\t<h3 class=\"elementor-post__title\">\n\t\t\t<a href=\"https:\/\/zmm.lt\/?p=2739\" >\n\t\t\t\tK\u016aRYBOS KIEMAS. Zaras\u0173 Fausto Lat\u0117no meno mokykla dalyvaus dar viename projekte.\t\t\t<\/a>\n\t\t<\/h3>\n\t\t\t\t<\/div>\n\t\t\t\t\t<\/div>\n\t\t<\/article>\n\t\t\t\t<\/div>\n\n\n\t\t\n\t\t\t\t<div class=\"e-load-more-anchor\" data-page=\"1\" data-max-page=\"12\" data-next-page=\"https:\/\/zmm.lt\/index.php?rest_route=%2Fwp%2Fv2%2Fpages%2F276&#038;paged=2\"><\/div>\n\t\t\t\t<nav class=\"elementor-pagination\" role=\"navigation\" aria-label=\"Pagination\">\n\t\t\t<span aria-current=\"page\" class=\"page-numbers current\"><span class=\"elementor-screen-only\">Page<\/span>1<\/span>\n<a class=\"page-numbers\" href=\"https:\/\/zmm.lt\/index.php\/?paged=2&#038;rest_route=%2Fwp%2Fv2%2Fpages%2F276\"><span class=\"elementor-screen-only\">Page<\/span>2<\/a>\n<a class=\"page-numbers\" href=\"https:\/\/zmm.lt\/index.php\/?paged=3&#038;rest_route=%2Fwp%2Fv2%2Fpages%2F276\"><span class=\"elementor-screen-only\">Page<\/span>3<\/a>\n<span class=\"page-numbers dots\">&hellip;<\/span>\n<a class=\"page-numbers\" href=\"https:\/\/zmm.lt\/index.php\/?paged=5&#038;rest_route=%2Fwp%2Fv2%2Fpages%2F276\"><span class=\"elementor-screen-only\">Page<\/span>5<\/a>\t\t<\/nav>\n\t\t\t\t<\/div>\n\t\t\t\t<\/div>\n\t\t\t\t\t<\/div>\n\t\t<\/div>\n\t\t\t\t\t<\/div>\n\t\t<\/section>\n\t\t<div class=\"elementor-element elementor-element-1a26a10 e-flex e-con-boxed e-con e-parent\" data-id=\"1a26a10\" data-element_type=\"container\">\n\t\t\t\t\t<div class=\"e-con-inner\">\n\t\t\t\t\t<\/div>\n\t\t\t\t<\/div>\n\t\t\t\t<\/div>\n\t\t","protected":false},"excerpt":{"rendered":"","protected":false},"author":1,"featured_media":0,"parent":0,"menu_order":0,"comment_status":"closed","ping_status":"closed","template":"","meta":{"footnotes":""},"class_list":["post-276","page","type-page","status-publish","hentry","has-post-thumbnail"],"_links":{"self":[{"href":"https:\/\/zmm.lt\/index.php?rest_route=\/wp\/v2\/pages\/276","targetHints":{"allow":["GET"]}}],"collection":[{"href":"https:\/\/zmm.lt\/index.php?rest_route=\/wp\/v2\/pages"}],"about":[{"href":"https:\/\/zmm.lt\/index.php?rest_route=\/wp\/v2\/types\/page"}],"author":[{"embeddable":true,"href":"https:\/\/zmm.lt\/index.php?rest_route=\/wp\/v2\/users\/1"}],"replies":[{"embeddable":true,"href":"https:\/\/zmm.lt\/index.php?rest_route=%2Fwp%2Fv2%2Fcomments&post=276"}],"version-history":[{"count":54,"href":"https:\/\/zmm.lt\/index.php?rest_route=\/wp\/v2\/pages\/276\/revisions"}],"predecessor-version":[{"id":2216,"href":"https:\/\/zmm.lt\/index.php?rest_route=\/wp\/v2\/pages\/276\/revisions\/2216"}],"wp:attachment":[{"href":"https:\/\/zmm.lt\/index.php?rest_route=%2Fwp%2Fv2%2Fmedia&parent=276"}],"curies":[{"name":"wp","href":"https:\/\/api.w.org\/{rel}","templated":true}]}}