{"id":2617,"date":"2025-10-24T10:47:35","date_gmt":"2025-10-24T10:47:35","guid":{"rendered":"https:\/\/zmm.lt\/?page_id=2617"},"modified":"2025-10-24T10:50:52","modified_gmt":"2025-10-24T10:50:52","slug":"uz-moksla","status":"publish","type":"page","link":"https:\/\/zmm.lt\/?page_id=2617","title":{"rendered":"U\u017e moksl\u0105"},"content":{"rendered":"\t\t<div data-elementor-type=\"wp-page\" data-elementor-id=\"2617\" class=\"elementor elementor-2617\">\n\t\t\t\t<div class=\"elementor-element elementor-element-2fe5670 e-flex e-con-boxed e-con e-parent\" data-id=\"2fe5670\" data-element_type=\"container\">\n\t\t\t\t\t<div class=\"e-con-inner\">\n\t\t\t\t<div class=\"elementor-element elementor-element-a9e41d5 elementor-widget elementor-widget-spacer\" data-id=\"a9e41d5\" data-element_type=\"widget\" data-widget_type=\"spacer.default\">\n\t\t\t\t<div class=\"elementor-widget-container\">\n\t\t\t\t\t<div class=\"elementor-spacer\">\n\t\t\t<div class=\"elementor-spacer-inner\"><\/div>\n\t\t<\/div>\n\t\t\t\t<\/div>\n\t\t\t\t<\/div>\n\t\t\t\t\t<\/div>\n\t\t\t\t<\/div>\n\t\t<div class=\"elementor-element elementor-element-518065d e-flex e-con-boxed e-con e-parent\" data-id=\"518065d\" data-element_type=\"container\">\n\t\t\t\t\t<div class=\"e-con-inner\">\n\t\t\t\t<div class=\"elementor-element elementor-element-2e1107a elementor-widget elementor-widget-heading\" data-id=\"2e1107a\" data-element_type=\"widget\" data-widget_type=\"heading.default\">\n\t\t\t\t<div class=\"elementor-widget-container\">\n\t\t\t<h2 class=\"elementor-heading-title elementor-size-default\">MOKESTIS U\u017d MOKSL\u0104<\/h2>\t\t<\/div>\n\t\t\t\t<\/div>\n\t\t\t\t\t<\/div>\n\t\t\t\t<\/div>\n\t\t<div class=\"elementor-element elementor-element-4edf960 e-flex e-con-boxed e-con e-parent\" data-id=\"4edf960\" data-element_type=\"container\">\n\t\t\t\t\t<div class=\"e-con-inner\">\n\t\t\t\t<div class=\"elementor-element elementor-element-7c924a4 elementor-widget elementor-widget-text-editor\" data-id=\"7c924a4\" data-element_type=\"widget\" data-widget_type=\"text-editor.default\">\n\t\t\t\t<div class=\"elementor-widget-container\">\n\t\t\t\t\t\t\t<table><tbody><tr><td width=\"66\"><p><strong>Eil. Nr.<\/strong><\/p><\/td><td width=\"350\"><p><strong>Programa<\/strong><\/p><p><strong>\u00a0<\/strong><\/p><\/td><td width=\"208\"><p><strong>Kaina (Eur)<\/strong><\/p><\/td><\/tr><tr><td width=\"66\"><p>1.\u00a0\u00a0\u00a0\u00a0 \u00a0<\/p><\/td><td width=\"350\"><p>F\u0160PU muzika (ilgalaik\u0117)<\/p><\/td><td width=\"208\"><p>14,00<\/p><\/td><\/tr><tr><td width=\"66\"><p>2.\u00a0\u00a0\u00a0\u00a0 \u00a0<\/p><\/td><td width=\"350\"><p>F\u0160PU dail\u0117 (ilgalaik\u0117)<\/p><\/td><td width=\"208\"><p>12,00<\/p><\/td><\/tr><tr><td width=\"66\"><p>3.\u00a0\u00a0\u00a0\u00a0 \u00a0<\/p><\/td><td width=\"350\"><p>F\u0160PU \u0161okis (ilgalaik\u0117)<\/p><\/td><td width=\"208\"><p>12,00<\/p><\/td><\/tr><tr><td width=\"66\"><p>4.\u00a0\u00a0\u00a0\u00a0 \u00a0<\/p><\/td><td width=\"350\"><p>F\u0160PU teatras (ilgalaik\u0117)<\/p><\/td><td width=\"208\"><p>14,00<\/p><\/td><\/tr><tr><td width=\"66\"><p>5.\u00a0\u00a0\u00a0\u00a0 \u00a0<\/p><\/td><td width=\"350\"><p>Trumpalaik\u0117s (1 met\u0173) programos (NV\u0160)<\/p><\/td><td width=\"208\"><p>6,00<\/p><\/td><\/tr><tr><td width=\"66\"><p>6.\u00a0\u00a0\u00a0\u00a0 \u00a0<\/p><\/td><td width=\"350\"><p>Muzikos savirai\u0161ka<\/p><\/td><td width=\"208\"><p>8,00<\/p><\/td><\/tr><tr><td width=\"66\"><p>7.\u00a0\u00a0\u00a0\u00a0 \u00a0<\/p><\/td><td width=\"350\"><p>Dail\u0117s savirai\u0161ka<\/p><\/td><td width=\"208\"><p>8,00<\/p><\/td><\/tr><tr><td width=\"66\"><p>8.\u00a0\u00a0\u00a0\u00a0 \u00a0<\/p><\/td><td width=\"350\"><p>Keramikos studija vaikams<\/p><\/td><td width=\"208\"><p>10,00<\/p><\/td><\/tr><tr><td width=\"66\"><p>9.\u00a0\u00a0\u00a0\u00a0 <strong>\u00a0<\/strong><\/p><\/td><td width=\"350\"><p>Dienos stovyklos mokestis (1 diena)<\/p><\/td><td width=\"208\"><p>5,00<\/p><\/td><\/tr><tr><td colspan=\"3\" width=\"623\"><p><strong>\u00a0<\/strong><\/p><p><strong>SUAUGUSI\u0172J\u0172 PROGRAMOS<\/strong><\/p><p><strong>\u00a0<\/strong><\/p><\/td><\/tr><tr><td width=\"66\"><p>\u00a01.<\/p><\/td><td width=\"350\"><p>Dail\u0117s studija<\/p><\/td><td width=\"208\"><p>20,00<\/p><\/td><\/tr><tr><td width=\"66\"><p>2.<\/p><\/td><td width=\"350\"><p>Keramikos studija<\/p><\/td><td width=\"208\"><p>35,00<\/p><\/td><\/tr><tr><td width=\"66\"><p>\u00a03.<\/p><\/td><td width=\"350\"><p>\u0160okio studija<\/p><\/td><td width=\"208\"><p>20,00<\/p><\/td><\/tr><tr><td width=\"66\"><p>4.<\/p><\/td><td width=\"350\"><p>Individualios instrumento pamokos<\/p><p>(1 pam.\/sav.)<\/p><\/td><td width=\"208\"><p>60,00<\/p><\/td><\/tr><\/tbody><\/table>\t\t\t\t\t\t<\/div>\n\t\t\t\t<\/div>\n\t\t\t\t\t<\/div>\n\t\t\t\t<\/div>\n\t\t\t\t<\/div>\n\t\t","protected":false},"excerpt":{"rendered":"<p>MOKESTIS U\u017d MOKSL\u0104 Eil. Nr. Programa \u00a0 Kaina (Eur) 1.\u00a0\u00a0\u00a0\u00a0 \u00a0 F\u0160PU muzika (ilgalaik\u0117) 14,00 2.\u00a0\u00a0\u00a0\u00a0 \u00a0 F\u0160PU dail\u0117 (ilgalaik\u0117) 12,00 3.\u00a0\u00a0\u00a0\u00a0 \u00a0 F\u0160PU \u0161okis (ilgalaik\u0117) 12,00 4.\u00a0\u00a0\u00a0\u00a0 \u00a0 F\u0160PU teatras (ilgalaik\u0117) 14,00 5.\u00a0\u00a0\u00a0\u00a0 \u00a0 Trumpalaik\u0117s (1 met\u0173) programos (NV\u0160) 6,00 6.\u00a0\u00a0\u00a0\u00a0 \u00a0 Muzikos savirai\u0161ka 8,00 7.\u00a0\u00a0\u00a0\u00a0 \u00a0 Dail\u0117s savirai\u0161ka 8,00 8.\u00a0\u00a0\u00a0\u00a0 \u00a0 Keramikos studija &hellip; <a href=\"https:\/\/zmm.lt\/?page_id=2617\" class=\"more-link\">Continue reading <span class=\"screen-reader-text\">U\u017e moksl\u0105<\/span> <span class=\"meta-nav\">&rarr;<\/span><\/a><\/p>\n","protected":false},"author":1,"featured_media":0,"parent":0,"menu_order":0,"comment_status":"closed","ping_status":"closed","template":"","meta":{"footnotes":""},"class_list":["post-2617","page","type-page","status-publish","hentry"],"_links":{"self":[{"href":"https:\/\/zmm.lt\/index.php?rest_route=\/wp\/v2\/pages\/2617","targetHints":{"allow":["GET"]}}],"collection":[{"href":"https:\/\/zmm.lt\/index.php?rest_route=\/wp\/v2\/pages"}],"about":[{"href":"https:\/\/zmm.lt\/index.php?rest_route=\/wp\/v2\/types\/page"}],"author":[{"embeddable":true,"href":"https:\/\/zmm.lt\/index.php?rest_route=\/wp\/v2\/users\/1"}],"replies":[{"embeddable":true,"href":"https:\/\/zmm.lt\/index.php?rest_route=%2Fwp%2Fv2%2Fcomments&post=2617"}],"version-history":[{"count":4,"href":"https:\/\/zmm.lt\/index.php?rest_route=\/wp\/v2\/pages\/2617\/revisions"}],"predecessor-version":[{"id":2621,"href":"https:\/\/zmm.lt\/index.php?rest_route=\/wp\/v2\/pages\/2617\/revisions\/2621"}],"wp:attachment":[{"href":"https:\/\/zmm.lt\/index.php?rest_route=%2Fwp%2Fv2%2Fmedia&parent=2617"}],"curies":[{"name":"wp","href":"https:\/\/api.w.org\/{rel}","templated":true}]}}