{"id":2611,"date":"2025-10-23T15:56:37","date_gmt":"2025-10-23T15:56:37","guid":{"rendered":"https:\/\/zmm.lt\/?page_id=2611"},"modified":"2025-10-24T10:53:42","modified_gmt":"2025-10-24T10:53:42","slug":"paslaugu-kainos","status":"publish","type":"page","link":"https:\/\/zmm.lt\/?page_id=2611","title":{"rendered":"U\u017e paslaugas"},"content":{"rendered":"\t\t<div data-elementor-type=\"wp-page\" data-elementor-id=\"2611\" class=\"elementor elementor-2611\">\n\t\t\t\t<div class=\"elementor-element elementor-element-f0df7fe e-flex e-con-boxed e-con e-parent\" data-id=\"f0df7fe\" data-element_type=\"container\">\n\t\t\t\t\t<div class=\"e-con-inner\">\n\t\t\t\t<div class=\"elementor-element elementor-element-1e849fb elementor-widget elementor-widget-spacer\" data-id=\"1e849fb\" data-element_type=\"widget\" data-widget_type=\"spacer.default\">\n\t\t\t\t<div class=\"elementor-widget-container\">\n\t\t\t\t\t<div class=\"elementor-spacer\">\n\t\t\t<div class=\"elementor-spacer-inner\"><\/div>\n\t\t<\/div>\n\t\t\t\t<\/div>\n\t\t\t\t<\/div>\n\t\t\t\t\t<\/div>\n\t\t\t\t<\/div>\n\t\t<div class=\"elementor-element elementor-element-f5dae67 e-flex e-con-boxed e-con e-parent\" data-id=\"f5dae67\" data-element_type=\"container\">\n\t\t\t\t\t<div class=\"e-con-inner\">\n\t\t\t\t<div class=\"elementor-element elementor-element-63773d7 elementor-widget elementor-widget-heading\" data-id=\"63773d7\" data-element_type=\"widget\" data-widget_type=\"heading.default\">\n\t\t\t\t<div class=\"elementor-widget-container\">\n\t\t\t<h2 class=\"elementor-heading-title elementor-size-default\">PASLAUG\u0172 KAINOS ZARAS\u0172 FAUSTO LAT\u0116NO MENO MOKYKLOJE<\/h2>\t\t<\/div>\n\t\t\t\t<\/div>\n\t\t\t\t\t<\/div>\n\t\t\t\t<\/div>\n\t\t<div class=\"elementor-element elementor-element-a670785 e-flex e-con-boxed e-con e-parent\" data-id=\"a670785\" data-element_type=\"container\">\n\t\t\t\t\t<div class=\"e-con-inner\">\n\t\t\t\t<div class=\"elementor-element elementor-element-d315070 elementor-widget elementor-widget-text-editor\" data-id=\"d315070\" data-element_type=\"widget\" data-widget_type=\"text-editor.default\">\n\t\t\t\t<div class=\"elementor-widget-container\">\n\t\t\t\t\t\t\t<table><tbody><tr><td width=\"66\"><p><strong>Eil. Nr.<\/strong><\/p><p><strong>\u00a0<\/strong><\/p><\/td><td width=\"246\"><p><strong>Paslaug\u0173 pavadinimas<\/strong><\/p><\/td><td width=\"156\"><p><strong>Mato vnt.<\/strong><\/p><\/td><td width=\"156\"><p><strong>Paslaugos kaina (Eur)<\/strong><\/p><\/td><\/tr><tr><td width=\"66\"><p>1.\u00a0\u00a0\u00a0\u00a0 \u00a0<\/p><\/td><td width=\"246\"><p>Seminaro, praktikumo dalyvio mokestis<\/p><\/td><td width=\"156\"><p>1 dalyvis<\/p><\/td><td width=\"156\"><p>10,00<\/p><\/td><\/tr><tr><td width=\"66\"><p>2.\u00a0\u00a0\u00a0\u00a0 \u00a0<\/p><\/td><td width=\"246\"><p>Konkurso dalyvio mokestis<\/p><\/td><td width=\"156\"><p>1 dalyvis<\/p><\/td><td width=\"156\"><p>20,00<\/p><\/td><\/tr><tr><td width=\"66\"><p>3.\u00a0\u00a0\u00a0\u00a0 \u00a0<\/p><\/td><td width=\"246\"><p>Edukacija grup\u0117je vaikams<\/p><\/td><td width=\"156\"><p>1 val.,<\/p><p>1 dalyvis<\/p><\/td><td width=\"156\"><p>4,00<\/p><\/td><\/tr><tr><td width=\"66\"><p>4.\u00a0\u00a0\u00a0\u00a0 \u00a0<\/p><\/td><td width=\"246\"><p>Edukacinis u\u017esi\u0117mimas suaugusiems<\/p><\/td><td width=\"156\"><p>1 val.,<\/p><p>1 dalyvis<\/p><\/td><td width=\"156\"><p>7,00<\/p><\/td><\/tr><tr><td width=\"66\"><p>5.\u00a0\u00a0\u00a0\u00a0 \u00a0<\/p><\/td><td width=\"246\"><p>Renginio organizavimas<\/p><p>(iki 10 dalyvi\u0173)<\/p><\/td><td width=\"156\"><p>1 val.<\/p><\/td><td width=\"156\"><p>10,00<\/p><\/td><\/tr><tr><td width=\"66\"><p>6.\u00a0\u00a0\u00a0\u00a0 \u00a0<\/p><\/td><td width=\"246\"><p>Renginio organizavimas<\/p><p>(iki 20 dalyvi\u0173)<\/p><\/td><td width=\"156\"><p>1 val.<\/p><\/td><td width=\"156\"><p>20,00<\/p><\/td><\/tr><tr><td width=\"66\"><p>7.\u00a0\u00a0\u00a0\u00a0 \u00a0<\/p><\/td><td width=\"246\"><p>Renginio organizavimas<\/p><p>(iki 100 dalyvi\u0173)<\/p><\/td><td width=\"156\"><p>1 val.<\/p><\/td><td width=\"156\"><p>100,00<\/p><\/td><\/tr><tr><td width=\"66\"><p>8.\u00a0\u00a0\u00a0\u00a0 \u00a0<\/p><\/td><td width=\"246\"><p>Dienos temini\u0173 stovykl\u0173 organizavimas<\/p><\/td><td width=\"156\"><p>1 dalyvis<\/p><p>(5 dienos)<\/p><\/td><td width=\"156\"><p>100,00<\/p><\/td><\/tr><tr><td width=\"66\"><p>9.\u00a0\u00a0\u00a0\u00a0 \u00a0<\/p><\/td><td width=\"246\"><p>Temini\u0173 stovykl\u0173 organizavimas<\/p><p>su nakvyne<\/p><\/td><td width=\"156\"><p>1 dalyvis<\/p><p>(4-6 naktys)<\/p><\/td><td width=\"156\"><p>300,00<\/p><\/td><\/tr><\/tbody><\/table>\t\t\t\t\t\t<\/div>\n\t\t\t\t<\/div>\n\t\t\t\t\t<\/div>\n\t\t\t\t<\/div>\n\t\t<div class=\"elementor-element elementor-element-54e04af e-flex e-con-boxed e-con e-parent\" data-id=\"54e04af\" data-element_type=\"container\">\n\t\t\t\t\t<div class=\"e-con-inner\">\n\t\t\t\t<div class=\"elementor-element elementor-element-eecf672 elementor-widget elementor-widget-spacer\" data-id=\"eecf672\" data-element_type=\"widget\" data-widget_type=\"spacer.default\">\n\t\t\t\t<div class=\"elementor-widget-container\">\n\t\t\t\t\t<div class=\"elementor-spacer\">\n\t\t\t<div class=\"elementor-spacer-inner\"><\/div>\n\t\t<\/div>\n\t\t\t\t<\/div>\n\t\t\t\t<\/div>\n\t\t\t\t\t<\/div>\n\t\t\t\t<\/div>\n\t\t\t\t<\/div>\n\t\t","protected":false},"excerpt":{"rendered":"<p>PASLAUG\u0172 KAINOS ZARAS\u0172 FAUSTO LAT\u0116NO MENO MOKYKLOJE Eil. Nr. \u00a0 Paslaug\u0173 pavadinimas Mato vnt. Paslaugos kaina (Eur) 1.\u00a0\u00a0\u00a0\u00a0 \u00a0 Seminaro, praktikumo dalyvio mokestis 1 dalyvis 10,00 2.\u00a0\u00a0\u00a0\u00a0 \u00a0 Konkurso dalyvio mokestis 1 dalyvis 20,00 3.\u00a0\u00a0\u00a0\u00a0 \u00a0 Edukacija grup\u0117je vaikams 1 val., 1 dalyvis 4,00 4.\u00a0\u00a0\u00a0\u00a0 \u00a0 Edukacinis u\u017esi\u0117mimas suaugusiems 1 val., 1 dalyvis 7,00 5.\u00a0\u00a0\u00a0\u00a0 &hellip; <a href=\"https:\/\/zmm.lt\/?page_id=2611\" class=\"more-link\">Continue reading <span class=\"screen-reader-text\">U\u017e paslaugas<\/span> <span class=\"meta-nav\">&rarr;<\/span><\/a><\/p>\n","protected":false},"author":1,"featured_media":0,"parent":0,"menu_order":0,"comment_status":"closed","ping_status":"closed","template":"","meta":{"footnotes":""},"class_list":["post-2611","page","type-page","status-publish","hentry"],"_links":{"self":[{"href":"https:\/\/zmm.lt\/index.php?rest_route=\/wp\/v2\/pages\/2611","targetHints":{"allow":["GET"]}}],"collection":[{"href":"https:\/\/zmm.lt\/index.php?rest_route=\/wp\/v2\/pages"}],"about":[{"href":"https:\/\/zmm.lt\/index.php?rest_route=\/wp\/v2\/types\/page"}],"author":[{"embeddable":true,"href":"https:\/\/zmm.lt\/index.php?rest_route=\/wp\/v2\/users\/1"}],"replies":[{"embeddable":true,"href":"https:\/\/zmm.lt\/index.php?rest_route=%2Fwp%2Fv2%2Fcomments&post=2611"}],"version-history":[{"count":5,"href":"https:\/\/zmm.lt\/index.php?rest_route=\/wp\/v2\/pages\/2611\/revisions"}],"predecessor-version":[{"id":2627,"href":"https:\/\/zmm.lt\/index.php?rest_route=\/wp\/v2\/pages\/2611\/revisions\/2627"}],"wp:attachment":[{"href":"https:\/\/zmm.lt\/index.php?rest_route=%2Fwp%2Fv2%2Fmedia&parent=2611"}],"curies":[{"name":"wp","href":"https:\/\/api.w.org\/{rel}","templated":true}]}}