{"id":2425,"date":"2025-08-12T10:45:03","date_gmt":"2025-08-12T10:45:03","guid":{"rendered":"https:\/\/zmm.lt\/?page_id=2425"},"modified":"2025-08-12T10:48:45","modified_gmt":"2025-08-12T10:48:45","slug":"isores-vertinimas","status":"publish","type":"page","link":"https:\/\/zmm.lt\/?page_id=2425","title":{"rendered":"I\u0161or\u0117s vertinimas"},"content":{"rendered":"\t\t<div data-elementor-type=\"wp-page\" data-elementor-id=\"2425\" class=\"elementor elementor-2425\">\n\t\t\t\t<div class=\"elementor-element elementor-element-b3deafa e-flex e-con-boxed e-con e-parent\" data-id=\"b3deafa\" data-element_type=\"container\">\n\t\t\t\t\t<div class=\"e-con-inner\">\n\t\t\t\t<div class=\"elementor-element elementor-element-c003127 elementor-widget elementor-widget-text-editor\" data-id=\"c003127\" data-element_type=\"widget\" data-widget_type=\"text-editor.default\">\n\t\t\t\t<div class=\"elementor-widget-container\">\n\t\t\t\t\t\t\t<p><span style=\"text-decoration: underline;\"><a href=\"https:\/\/zmm.lt\/wp-content\/uploads\/2025\/08\/2priedas190212420-1.pdf\">NEFORMALIOJO VAIK\u0172 \u0160VIETIMO KOKYB\u0116S RODIKLI\u0172 \u012eSIVERTINIMO IR I\u0160ORINIO VERTINIMO REZULTATAI<\/a><\/span><\/p><p><span style=\"text-decoration: underline;\"><a href=\"https:\/\/zmm.lt\/wp-content\/uploads\/2025\/08\/4priedas_ZarasuFaustoLatenomenomokykla-1.pdf\">NEFORMALIOJO VAIK\u0172 \u0160VIETIMO TEIK\u0116JO KOKYB\u0116S VERTINIMO I\u0160VADA<\/a><\/span><\/p>\t\t\t\t\t\t<\/div>\n\t\t\t\t<\/div>\n\t\t\t\t\t<\/div>\n\t\t\t\t<\/div>\n\t\t<div class=\"elementor-element elementor-element-6da2a7f e-flex e-con-boxed e-con e-parent\" data-id=\"6da2a7f\" data-element_type=\"container\">\n\t\t\t\t\t<div class=\"e-con-inner\">\n\t\t\t\t<div class=\"elementor-element elementor-element-12d1888 elementor-widget elementor-widget-spacer\" data-id=\"12d1888\" data-element_type=\"widget\" data-widget_type=\"spacer.default\">\n\t\t\t\t<div class=\"elementor-widget-container\">\n\t\t\t\t\t<div class=\"elementor-spacer\">\n\t\t\t<div class=\"elementor-spacer-inner\"><\/div>\n\t\t<\/div>\n\t\t\t\t<\/div>\n\t\t\t\t<\/div>\n\t\t\t\t\t<\/div>\n\t\t\t\t<\/div>\n\t\t<div class=\"elementor-element elementor-element-45a1607 e-flex e-con-boxed e-con e-parent\" data-id=\"45a1607\" data-element_type=\"container\">\n\t\t\t\t\t<div class=\"e-con-inner\">\n\t\t\t\t<div class=\"elementor-element elementor-element-8d9ecdb elementor-widget elementor-widget-spacer\" data-id=\"8d9ecdb\" data-element_type=\"widget\" data-widget_type=\"spacer.default\">\n\t\t\t\t<div class=\"elementor-widget-container\">\n\t\t\t\t\t<div class=\"elementor-spacer\">\n\t\t\t<div class=\"elementor-spacer-inner\"><\/div>\n\t\t<\/div>\n\t\t\t\t<\/div>\n\t\t\t\t<\/div>\n\t\t\t\t\t<\/div>\n\t\t\t\t<\/div>\n\t\t\t\t<\/div>\n\t\t","protected":false},"excerpt":{"rendered":"<p>NEFORMALIOJO VAIK\u0172 \u0160VIETIMO KOKYB\u0116S RODIKLI\u0172 \u012eSIVERTINIMO IR I\u0160ORINIO VERTINIMO REZULTATAI NEFORMALIOJO VAIK\u0172 \u0160VIETIMO TEIK\u0116JO KOKYB\u0116S VERTINIMO I\u0160VADA<\/p>\n","protected":false},"author":1,"featured_media":0,"parent":0,"menu_order":0,"comment_status":"closed","ping_status":"closed","template":"","meta":{"footnotes":""},"class_list":["post-2425","page","type-page","status-publish","hentry"],"_links":{"self":[{"href":"https:\/\/zmm.lt\/index.php?rest_route=\/wp\/v2\/pages\/2425","targetHints":{"allow":["GET"]}}],"collection":[{"href":"https:\/\/zmm.lt\/index.php?rest_route=\/wp\/v2\/pages"}],"about":[{"href":"https:\/\/zmm.lt\/index.php?rest_route=\/wp\/v2\/types\/page"}],"author":[{"embeddable":true,"href":"https:\/\/zmm.lt\/index.php?rest_route=\/wp\/v2\/users\/1"}],"replies":[{"embeddable":true,"href":"https:\/\/zmm.lt\/index.php?rest_route=%2Fwp%2Fv2%2Fcomments&post=2425"}],"version-history":[{"count":4,"href":"https:\/\/zmm.lt\/index.php?rest_route=\/wp\/v2\/pages\/2425\/revisions"}],"predecessor-version":[{"id":2431,"href":"https:\/\/zmm.lt\/index.php?rest_route=\/wp\/v2\/pages\/2425\/revisions\/2431"}],"wp:attachment":[{"href":"https:\/\/zmm.lt\/index.php?rest_route=%2Fwp%2Fv2%2Fmedia&parent=2425"}],"curies":[{"name":"wp","href":"https:\/\/api.w.org\/{rel}","templated":true}]}}