{"id":2367,"date":"2025-06-09T13:33:56","date_gmt":"2025-06-09T13:33:56","guid":{"rendered":"https:\/\/zmm.lt\/?page_id=2367"},"modified":"2026-04-22T15:48:52","modified_gmt":"2026-04-22T15:48:52","slug":"savivalda","status":"publish","type":"page","link":"https:\/\/zmm.lt\/?page_id=2367","title":{"rendered":"Savivalda"},"content":{"rendered":"<p><strong>MOKYKLOS TARYBA<\/strong><\/p>\n<p>T\u0117vai:<\/p>\n<ol>\n<li>Margarita \u010cernova \u2013 pirminink\u0117<\/li>\n<li>August\u0117 Vitien\u0117<\/li>\n<li>Sandra Kulikauskien\u0117 (Dusetos)<\/li>\n<\/ol>\n<p>Mokiniai:<\/p>\n<ol>\n<li>Jonas Adomavi\u010dius<\/li>\n<li>Vita Saulyt\u0117<\/li>\n<li>Saul\u0117 \u0160ak\u0117nait\u0117 (Dusetos)<\/li>\n<\/ol>\n<p>Mokytojai:<\/p>\n<ol>\n<li>Ramun\u0117 Sladkevi\u010di\u016bt\u0117 Dainien\u0117<\/li>\n<li>Dalia Daniu\u0161ien\u0117 (Dusetos)<\/li>\n<li>El\u017ebieta \u017digait\u0117<\/li>\n<\/ol>\n<p>Bendruomen\u0117s atstovas:<\/p>\n<ol>\n<li>Paulina Maldauskait\u0117 (Zaras\u0173 rajono jaunimo visuomenini\u0173 organizacij\u0173 s\u0105junga \u201eApskritas stalas\u201c)\u00a0<\/li>\n<\/ol>\n\n\n<p><\/p>\n","protected":false},"excerpt":{"rendered":"<p>MOKYKLOS TARYBA T\u0117vai: Margarita \u010cernova \u2013 pirminink\u0117 August\u0117 Vitien\u0117 Sandra Kulikauskien\u0117 (Dusetos) Mokiniai: Jonas Adomavi\u010dius Vita Saulyt\u0117 Saul\u0117 \u0160ak\u0117nait\u0117 (Dusetos) Mokytojai: Ramun\u0117 Sladkevi\u010di\u016bt\u0117 Dainien\u0117 Dalia Daniu\u0161ien\u0117 (Dusetos) El\u017ebieta \u017digait\u0117 Bendruomen\u0117s atstovas: Paulina Maldauskait\u0117 (Zaras\u0173 rajono jaunimo visuomenini\u0173 organizacij\u0173 s\u0105junga \u201eApskritas stalas\u201c)\u00a0<\/p>\n","protected":false},"author":1,"featured_media":0,"parent":0,"menu_order":0,"comment_status":"closed","ping_status":"closed","template":"","meta":{"footnotes":""},"class_list":["post-2367","page","type-page","status-publish","hentry"],"_links":{"self":[{"href":"https:\/\/zmm.lt\/index.php?rest_route=\/wp\/v2\/pages\/2367","targetHints":{"allow":["GET"]}}],"collection":[{"href":"https:\/\/zmm.lt\/index.php?rest_route=\/wp\/v2\/pages"}],"about":[{"href":"https:\/\/zmm.lt\/index.php?rest_route=\/wp\/v2\/types\/page"}],"author":[{"embeddable":true,"href":"https:\/\/zmm.lt\/index.php?rest_route=\/wp\/v2\/users\/1"}],"replies":[{"embeddable":true,"href":"https:\/\/zmm.lt\/index.php?rest_route=%2Fwp%2Fv2%2Fcomments&post=2367"}],"version-history":[{"count":5,"href":"https:\/\/zmm.lt\/index.php?rest_route=\/wp\/v2\/pages\/2367\/revisions"}],"predecessor-version":[{"id":2917,"href":"https:\/\/zmm.lt\/index.php?rest_route=\/wp\/v2\/pages\/2367\/revisions\/2917"}],"wp:attachment":[{"href":"https:\/\/zmm.lt\/index.php?rest_route=%2Fwp%2Fv2%2Fmedia&parent=2367"}],"curies":[{"name":"wp","href":"https:\/\/api.w.org\/{rel}","templated":true}]}}