{"id":2354,"date":"2025-06-09T13:20:53","date_gmt":"2025-06-09T13:20:53","guid":{"rendered":"https:\/\/zmm.lt\/?page_id=2354"},"modified":"2025-06-09T13:31:08","modified_gmt":"2025-06-09T13:31:08","slug":"mokyklos-identitetas","status":"publish","type":"page","link":"https:\/\/zmm.lt\/?page_id=2354","title":{"rendered":"Mokyklos Identitetas"},"content":{"rendered":"\t\t<div data-elementor-type=\"wp-page\" data-elementor-id=\"2354\" class=\"elementor elementor-2354\">\n\t\t\t\t<div class=\"elementor-element elementor-element-287f54d e-flex e-con-boxed e-con e-parent\" data-id=\"287f54d\" data-element_type=\"container\">\n\t\t\t\t\t<div class=\"e-con-inner\">\n\t\t\t\t<div class=\"elementor-element elementor-element-c4fa6cd elementor-widget elementor-widget-text-editor\" data-id=\"c4fa6cd\" data-element_type=\"widget\" data-widget_type=\"text-editor.default\">\n\t\t\t\t<div class=\"elementor-widget-container\">\n\t\t\t\t\t\t\t<h3><span style=\"font-size: 18px;\">Suteikus mokyklai FAUSTO LAT\u0116NO vard\u0105, sukurtas naujas mokyklos logotipas, autorius Marius \u017dalneravi\u010dius<\/span><\/h3>\t\t\t\t\t\t<\/div>\n\t\t\t\t<\/div>\n\t\t\t\t\t<\/div>\n\t\t\t\t<\/div>\n\t\t<div class=\"elementor-element elementor-element-5d86503 e-grid e-con-boxed e-con e-parent\" data-id=\"5d86503\" data-element_type=\"container\">\n\t\t\t\t\t<div class=\"e-con-inner\">\n\t\t\t\t<div class=\"elementor-element elementor-element-2355b39 elementor-widget elementor-widget-image\" data-id=\"2355b39\" data-element_type=\"widget\" data-widget_type=\"image.default\">\n\t\t\t\t<div class=\"elementor-widget-container\">\n\t\t\t\t\t\t\t\t\t\t\t\t\t<img fetchpriority=\"high\" decoding=\"async\" width=\"474\" height=\"468\" src=\"https:\/\/zmm.lt\/wp-content\/uploads\/2025\/06\/ZFLMMlogo_baltas-kvadratas.png\" class=\"attachment-large size-large wp-image-2358\" alt=\"\" srcset=\"https:\/\/zmm.lt\/wp-content\/uploads\/2025\/06\/ZFLMMlogo_baltas-kvadratas.png 758w, https:\/\/zmm.lt\/wp-content\/uploads\/2025\/06\/ZFLMMlogo_baltas-kvadratas-300x296.png 300w\" sizes=\"(max-width: 474px) 100vw, 474px\" \/>\t\t\t\t\t\t\t\t\t\t\t\t\t<\/div>\n\t\t\t\t<\/div>\n\t\t\t\t<div class=\"elementor-element elementor-element-b94b53b elementor-widget elementor-widget-image\" data-id=\"b94b53b\" data-element_type=\"widget\" data-widget_type=\"image.default\">\n\t\t\t\t<div class=\"elementor-widget-container\">\n\t\t\t\t\t\t\t\t\t\t\t\t\t<img decoding=\"async\" width=\"474\" height=\"468\" src=\"https:\/\/zmm.lt\/wp-content\/uploads\/2025\/06\/ZFLMMlogo_baltas.png\" class=\"attachment-large size-large wp-image-2357\" alt=\"\" srcset=\"https:\/\/zmm.lt\/wp-content\/uploads\/2025\/06\/ZFLMMlogo_baltas.png 758w, https:\/\/zmm.lt\/wp-content\/uploads\/2025\/06\/ZFLMMlogo_baltas-300x296.png 300w\" sizes=\"(max-width: 474px) 100vw, 474px\" \/>\t\t\t\t\t\t\t\t\t\t\t\t\t<\/div>\n\t\t\t\t<\/div>\n\t\t\t\t<div class=\"elementor-element elementor-element-12a7b59 elementor-widget elementor-widget-image\" data-id=\"12a7b59\" data-element_type=\"widget\" data-widget_type=\"image.default\">\n\t\t\t\t<div class=\"elementor-widget-container\">\n\t\t\t\t\t\t\t\t\t\t\t\t\t<img decoding=\"async\" width=\"474\" height=\"477\" src=\"https:\/\/zmm.lt\/wp-content\/uploads\/2025\/06\/ZFLMMlogo_FINkr-2.png\" class=\"attachment-large size-large wp-image-2356\" alt=\"\" srcset=\"https:\/\/zmm.lt\/wp-content\/uploads\/2025\/06\/ZFLMMlogo_FINkr-2.png 742w, https:\/\/zmm.lt\/wp-content\/uploads\/2025\/06\/ZFLMMlogo_FINkr-2-298x300.png 298w, https:\/\/zmm.lt\/wp-content\/uploads\/2025\/06\/ZFLMMlogo_FINkr-2-150x150.png 150w\" sizes=\"(max-width: 474px) 100vw, 474px\" \/>\t\t\t\t\t\t\t\t\t\t\t\t\t<\/div>\n\t\t\t\t<\/div>\n\t\t\t\t\t<\/div>\n\t\t\t\t<\/div>\n\t\t<div class=\"elementor-element elementor-element-94137f6 e-flex e-con-boxed e-con e-parent\" data-id=\"94137f6\" data-element_type=\"container\">\n\t\t\t\t\t<div class=\"e-con-inner\">\n\t\t\t\t<div class=\"elementor-element elementor-element-d3f4c3f elementor-widget elementor-widget-spacer\" data-id=\"d3f4c3f\" data-element_type=\"widget\" data-widget_type=\"spacer.default\">\n\t\t\t\t<div class=\"elementor-widget-container\">\n\t\t\t\t\t<div class=\"elementor-spacer\">\n\t\t\t<div class=\"elementor-spacer-inner\"><\/div>\n\t\t<\/div>\n\t\t\t\t<\/div>\n\t\t\t\t<\/div>\n\t\t\t\t\t<\/div>\n\t\t\t\t<\/div>\n\t\t<div class=\"elementor-element elementor-element-eda8697 e-flex e-con-boxed e-con e-parent\" data-id=\"eda8697\" data-element_type=\"container\">\n\t\t\t\t\t<div class=\"e-con-inner\">\n\t\t\t\t<div class=\"elementor-element elementor-element-beff919 elementor-widget elementor-widget-text-editor\" data-id=\"beff919\" data-element_type=\"widget\" data-widget_type=\"text-editor.default\">\n\t\t\t\t<div class=\"elementor-widget-container\">\n\t\t\t\t\t\t\t<h3><span style=\"font-size: 18px;\">Himno autor\u0117, muzika ir \u017eod\u017eiai &#8211; mokytoja metodinink\u0117 Dangira Zavackien\u0117<\/span><\/h3>\t\t\t\t\t\t<\/div>\n\t\t\t\t<\/div>\n\t\t\t\t\t<\/div>\n\t\t\t\t<\/div>\n\t\t<div class=\"elementor-element elementor-element-0c566c3 e-flex e-con-boxed e-con e-parent\" data-id=\"0c566c3\" data-element_type=\"container\">\n\t\t\t\t\t<div class=\"e-con-inner\">\n\t\t\t\t<div class=\"elementor-element elementor-element-172f117 elementor-widget elementor-widget-wp-widget-media_audio\" data-id=\"172f117\" data-element_type=\"widget\" data-widget_type=\"wp-widget-media_audio.default\">\n\t\t\t\t<div class=\"elementor-widget-container\">\n\t\t\t<!--[if lt IE 9]><script>document.createElement('audio');<\/script><![endif]-->\n<audio class=\"wp-audio-shortcode\" id=\"audio-2354-1\" preload=\"none\" style=\"width: 100%;\" controls=\"controls\"><source type=\"audio\/mpeg\" src=\"https:\/\/zmm.lt\/wp-content\/uploads\/2025\/06\/Himnas-su-vokalais-v2.mp3?_=1\" \/><source type=\"audio\/mpeg\" src=\"https:\/\/zmm.lt\/wp-content\/uploads\/2025\/06\/Himnas-su-vokalais-v2.mp3?_=1\" \/><a href=\"https:\/\/zmm.lt\/wp-content\/uploads\/2025\/06\/Himnas-su-vokalais-v2.mp3\">https:\/\/zmm.lt\/wp-content\/uploads\/2025\/06\/Himnas-su-vokalais-v2.mp3<\/a><\/audio>\t\t<\/div>\n\t\t\t\t<\/div>\n\t\t\t\t\t<\/div>\n\t\t\t\t<\/div>\n\t\t<div class=\"elementor-element elementor-element-f1d3602 e-flex e-con-boxed e-con e-parent\" data-id=\"f1d3602\" data-element_type=\"container\">\n\t\t\t\t\t<div class=\"e-con-inner\">\n\t\t\t\t<div class=\"elementor-element elementor-element-421b553 elementor-widget elementor-widget-spacer\" data-id=\"421b553\" data-element_type=\"widget\" data-widget_type=\"spacer.default\">\n\t\t\t\t<div class=\"elementor-widget-container\">\n\t\t\t\t\t<div class=\"elementor-spacer\">\n\t\t\t<div class=\"elementor-spacer-inner\"><\/div>\n\t\t<\/div>\n\t\t\t\t<\/div>\n\t\t\t\t<\/div>\n\t\t\t\t\t<\/div>\n\t\t\t\t<\/div>\n\t\t\t\t<\/div>\n\t\t","protected":false},"excerpt":{"rendered":"<p>Suteikus mokyklai FAUSTO LAT\u0116NO vard\u0105, sukurtas naujas mokyklos logotipas, autorius Marius \u017dalneravi\u010dius Himno autor\u0117, muzika ir \u017eod\u017eiai &#8211; mokytoja metodinink\u0117 Dangira Zavackien\u0117<\/p>\n","protected":false},"author":1,"featured_media":0,"parent":0,"menu_order":0,"comment_status":"closed","ping_status":"closed","template":"","meta":{"footnotes":""},"class_list":["post-2354","page","type-page","status-publish","hentry"],"_links":{"self":[{"href":"https:\/\/zmm.lt\/index.php?rest_route=\/wp\/v2\/pages\/2354","targetHints":{"allow":["GET"]}}],"collection":[{"href":"https:\/\/zmm.lt\/index.php?rest_route=\/wp\/v2\/pages"}],"about":[{"href":"https:\/\/zmm.lt\/index.php?rest_route=\/wp\/v2\/types\/page"}],"author":[{"embeddable":true,"href":"https:\/\/zmm.lt\/index.php?rest_route=\/wp\/v2\/users\/1"}],"replies":[{"embeddable":true,"href":"https:\/\/zmm.lt\/index.php?rest_route=%2Fwp%2Fv2%2Fcomments&post=2354"}],"version-history":[{"count":7,"href":"https:\/\/zmm.lt\/index.php?rest_route=\/wp\/v2\/pages\/2354\/revisions"}],"predecessor-version":[{"id":2366,"href":"https:\/\/zmm.lt\/index.php?rest_route=\/wp\/v2\/pages\/2354\/revisions\/2366"}],"wp:attachment":[{"href":"https:\/\/zmm.lt\/index.php?rest_route=%2Fwp%2Fv2%2Fmedia&parent=2354"}],"curies":[{"name":"wp","href":"https:\/\/api.w.org\/{rel}","templated":true}]}}