{"id":235,"date":"2022-07-26T06:29:19","date_gmt":"2022-07-26T06:29:19","guid":{"rendered":"http:\/\/sbtestpage.lt\/?page_id=235"},"modified":"2024-05-06T05:13:20","modified_gmt":"2024-05-06T05:13:20","slug":"korupcijos-prevencija","status":"publish","type":"page","link":"https:\/\/zmm.lt\/?page_id=235","title":{"rendered":"Korupcijos prevencija"},"content":{"rendered":"\t\t<div data-elementor-type=\"wp-page\" data-elementor-id=\"235\" class=\"elementor elementor-235\">\n\t\t\t\t\t\t<section class=\"elementor-section elementor-top-section elementor-element elementor-element-6729176 elementor-section-boxed elementor-section-height-default elementor-section-height-default\" data-id=\"6729176\" data-element_type=\"section\">\n\t\t\t\t\t\t<div class=\"elementor-container elementor-column-gap-default\">\n\t\t\t\t\t<div class=\"elementor-column elementor-col-100 elementor-top-column elementor-element elementor-element-31e38b2\" data-id=\"31e38b2\" data-element_type=\"column\">\n\t\t\t<div class=\"elementor-widget-wrap elementor-element-populated\">\n\t\t\t\t\t\t<div class=\"elementor-element elementor-element-70956ef elementor-widget elementor-widget-text-editor\" data-id=\"70956ef\" data-element_type=\"widget\" data-widget_type=\"text-editor.default\">\n\t\t\t\t<div class=\"elementor-widget-container\">\n\t\t\t\t\t\t\t<p><strong>Korupcijos prevencija<\/strong>\u00a0\u2013 sisteminga veikla, kuria siekiama didinti vie\u0161ojo ir privataus sektori\u0173 subjekt\u0173 atsparum\u0105 korupcijai ir kuri apima korupcijos rizikos veiksni\u0173 nustatym\u0105, \u012fvertinim\u0105, \u0161alinim\u0105 ir (ar) ma\u017einim\u0105, sudarant bei \u012fgyvendinant korupcijai atsparios aplinkos k\u016brimo priemoni\u0173 sistem\u0105.<\/p><p>U\u017e korupcijos prevencij\u0105 Zaras\u0173 Fausto Lat\u0117no meno mokykloje atsakinga mokytoja J\u016brat\u0117 Tum\u0117nien\u0117 el. pa\u0161tas <a href=\"mailto:jurate.tumeniene@zmm.lt\">jurate.tumeniene@zmm.lt<\/a>, Tel. Nr. +370 385 30579<\/p><p>Apie \u017einomus korupcijos atvejus galite prane\u0161ti \u0161iais b\u016bdais:<\/p><ul><li>Mobili\u0105ja program\u0117le<strong> \u201ePrane\u0161k STT\u201c.<\/strong><\/li><li>Paskambinti vis\u0105 par\u0105 veikian\u010dia\u00a0<strong>\u201ePrane\u0161k STT\u201c linija 8 (5) 266 3333.<\/strong><\/li><li>Atsi\u0173sti informacij\u0105\u00a0<strong> pa\u0161tu<\/strong><a href=\"mailto:%70%72%61%6e%65%73%6b%40%73%74%74%2e%6c%74\">pranesk@stt.lt<\/a><\/li><li>Palikti prane\u0161im\u0105\u00a0<strong>STT interneto svetain\u0117je <\/strong><a href=\"http:\/\/www.stt.lt\/\">stt.lt<\/a>\u00a0\u2013\u00a0<a href=\"https:\/\/www.stt.lt\/pateikti-pranesima-apie-korupcija\/7425\">https:\/\/www.stt.lt\/pateikti-pranesima-apie-korupcija\/7425<\/a>.<\/li><\/ul>\t\t\t\t\t\t<\/div>\n\t\t\t\t<\/div>\n\t\t\t\t\t<\/div>\n\t\t<\/div>\n\t\t\t\t\t<\/div>\n\t\t<\/section>\n\t\t\t\t<section class=\"elementor-section elementor-top-section elementor-element elementor-element-b4fa4df elementor-section-boxed elementor-section-height-default elementor-section-height-default\" data-id=\"b4fa4df\" data-element_type=\"section\">\n\t\t\t\t\t\t<div class=\"elementor-container elementor-column-gap-default\">\n\t\t\t\t\t<div class=\"elementor-column elementor-col-100 elementor-top-column elementor-element elementor-element-bbf5eaf\" data-id=\"bbf5eaf\" data-element_type=\"column\">\n\t\t\t<div class=\"elementor-widget-wrap elementor-element-populated\">\n\t\t\t\t\t\t<div class=\"elementor-element elementor-element-9766a26 elementor-widget elementor-widget-image\" data-id=\"9766a26\" data-element_type=\"widget\" data-widget_type=\"image.default\">\n\t\t\t\t<div class=\"elementor-widget-container\">\n\t\t\t\t\t\t\t\t\t\t\t\t\t<img fetchpriority=\"high\" decoding=\"async\" width=\"474\" height=\"264\" src=\"https:\/\/zmm.lt\/wp-content\/uploads\/2024\/05\/Paveikslelis1.jpg\" class=\"attachment-large size-large wp-image-1756\" alt=\"\" srcset=\"https:\/\/zmm.lt\/wp-content\/uploads\/2024\/05\/Paveikslelis1.jpg 624w, https:\/\/zmm.lt\/wp-content\/uploads\/2024\/05\/Paveikslelis1-300x167.jpg 300w\" sizes=\"(max-width: 474px) 100vw, 474px\" \/>\t\t\t\t\t\t\t\t\t\t\t\t\t<\/div>\n\t\t\t\t<\/div>\n\t\t\t\t\t<\/div>\n\t\t<\/div>\n\t\t\t\t\t<\/div>\n\t\t<\/section>\n\t\t\t\t<section class=\"elementor-section elementor-top-section elementor-element elementor-element-0d71746 elementor-section-boxed elementor-section-height-default elementor-section-height-default\" data-id=\"0d71746\" data-element_type=\"section\">\n\t\t\t\t\t\t<div class=\"elementor-container elementor-column-gap-default\">\n\t\t\t\t\t<div class=\"elementor-column elementor-col-100 elementor-top-column elementor-element elementor-element-6550597\" data-id=\"6550597\" data-element_type=\"column\">\n\t\t\t<div class=\"elementor-widget-wrap elementor-element-populated\">\n\t\t\t\t\t\t<div class=\"elementor-element elementor-element-cb96ed5 elementor-widget elementor-widget-text-editor\" data-id=\"cb96ed5\" data-element_type=\"widget\" data-widget_type=\"text-editor.default\">\n\t\t\t\t<div class=\"elementor-widget-container\">\n\t\t\t\t\t\t\t<p><span style=\"text-decoration: underline;\"><a href=\"https:\/\/zmm.lt\/wp-content\/uploads\/2024\/05\/STT.pdf\">PAREIGYBI\u0172, D\u0116L KURI\u0172 PRA\u0160YM\u0104 SPECIALI\u0172J\u0172 TYRIM\u0172 TARNYBAI PATEIKTI INFORMACIJ\u0104 TEIKIA ZARAS\u0172 FAUSTO LAT\u0116NO MENO MOKYKLOS DIREKTORIUS, S\u0104RA\u0160AS<\/a><\/span><\/p><p><span style=\"text-decoration: underline;\"><a href=\"https:\/\/zmm.lt\/wp-content\/uploads\/2024\/05\/dovanu-tvarka-zmm.pdf\">ZARAS\u0172 FAUSTO LAT\u0116NO MENO MOKYKLOS DOVAN\u0172, GAUT\u0172 PAGAL TARPTAUTIN\u012e PROTOKOL\u0104 AR TRADICIJAS, TAIP PAT REPREZENTACINI\u0172 DOVAN\u0172 VERTINIMO, REGISTRAVIMO, SAUGOJIMO TVARKOS APRA\u0160AS<\/a><\/span><\/p><p><span style=\"text-decoration: underline;\"> <a href=\"https:\/\/zmm.lt\/wp-content\/uploads\/2024\/05\/PAREIGYBIU-ZARASU-FAUSTO-LATENO-MENO-MOKYKLOJE-KURIAS-EINANTYS-ASMENYS-BEI-KITU-SUBJEKTU-KURIE-PRIVALO-DEKLARUOTI.pdf\">PAREIGYBI\u0172 ZARAS\u0172 FAUSTO LAT\u0116NO MENO MOKYKLOJE, KURIAS EINANTYS ASMENYS BEI KIT\u0172 SUBJEKT\u0172, KURIE PRIVALO DEKLARUOTI PRIVA\u010cIUS INTERESUS, S\u0104RA\u0160AS<\/a><\/span><\/p><p><a href=\"https:\/\/zmm.lt\/wp-content\/uploads\/2023\/01\/T-215.pdf\"><span style=\"text-decoration: underline;\">Sprendimas d\u0117l Zaras\u0173 rajono savivaldyb\u0117s 2019-2020 m. korupcijos prevencijos programos patvirtinimo<\/span><\/a><\/p><p><a href=\"https:\/\/zmm.lt\/wp-content\/uploads\/2023\/01\/ZMM-korpupcijos-prevencijos-programa.pdf\"><span style=\"text-decoration: underline;\">ZMM korupcijos prevencijos programa<\/span><\/a><\/p><p><a href=\"https:\/\/zmm.lt\/wp-content\/uploads\/2023\/01\/korupcijos-prevencijos-programos-priemoniu-planas.pdf\"><span style=\"text-decoration: underline;\">Korupcijos prevencijos programos priemoni\u0173 planas<\/span><\/a><\/p>\t\t\t\t\t\t<\/div>\n\t\t\t\t<\/div>\n\t\t\t\t\t<\/div>\n\t\t<\/div>\n\t\t\t\t\t<\/div>\n\t\t<\/section>\n\t\t\t\t<\/div>\n\t\t","protected":false},"excerpt":{"rendered":"<p>Korupcijos prevencija\u00a0\u2013 sisteminga veikla, kuria siekiama didinti vie\u0161ojo ir privataus sektori\u0173 subjekt\u0173 atsparum\u0105 korupcijai ir kuri apima korupcijos rizikos veiksni\u0173 nustatym\u0105, \u012fvertinim\u0105, \u0161alinim\u0105 ir (ar) ma\u017einim\u0105, sudarant bei \u012fgyvendinant korupcijai atsparios aplinkos k\u016brimo priemoni\u0173 sistem\u0105. U\u017e korupcijos prevencij\u0105 Zaras\u0173 Fausto Lat\u0117no meno mokykloje atsakinga mokytoja J\u016brat\u0117 Tum\u0117nien\u0117 el. pa\u0161tas jurate.tumeniene@zmm.lt, Tel. Nr. +370 385 30579 &hellip; <a href=\"https:\/\/zmm.lt\/?page_id=235\" class=\"more-link\">Continue reading <span class=\"screen-reader-text\">Korupcijos prevencija<\/span> <span class=\"meta-nav\">&rarr;<\/span><\/a><\/p>\n","protected":false},"author":1,"featured_media":0,"parent":0,"menu_order":0,"comment_status":"closed","ping_status":"closed","template":"","meta":{"footnotes":""},"class_list":["post-235","page","type-page","status-publish","hentry"],"_links":{"self":[{"href":"https:\/\/zmm.lt\/index.php?rest_route=\/wp\/v2\/pages\/235","targetHints":{"allow":["GET"]}}],"collection":[{"href":"https:\/\/zmm.lt\/index.php?rest_route=\/wp\/v2\/pages"}],"about":[{"href":"https:\/\/zmm.lt\/index.php?rest_route=\/wp\/v2\/types\/page"}],"author":[{"embeddable":true,"href":"https:\/\/zmm.lt\/index.php?rest_route=\/wp\/v2\/users\/1"}],"replies":[{"embeddable":true,"href":"https:\/\/zmm.lt\/index.php?rest_route=%2Fwp%2Fv2%2Fcomments&post=235"}],"version-history":[{"count":10,"href":"https:\/\/zmm.lt\/index.php?rest_route=\/wp\/v2\/pages\/235\/revisions"}],"predecessor-version":[{"id":1763,"href":"https:\/\/zmm.lt\/index.php?rest_route=\/wp\/v2\/pages\/235\/revisions\/1763"}],"wp:attachment":[{"href":"https:\/\/zmm.lt\/index.php?rest_route=%2Fwp%2Fv2%2Fmedia&parent=235"}],"curies":[{"name":"wp","href":"https:\/\/api.w.org\/{rel}","templated":true}]}}