{"id":217,"date":"2022-07-26T06:03:21","date_gmt":"2022-07-26T06:03:21","guid":{"rendered":"http:\/\/sbtestpage.lt\/?page_id=217"},"modified":"2026-03-20T11:02:57","modified_gmt":"2026-03-20T11:02:57","slug":"ugdymas-ir-veikla","status":"publish","type":"page","link":"https:\/\/zmm.lt\/?page_id=217","title":{"rendered":"Ugdymas ir veikla"},"content":{"rendered":"\n<div class=\"wp-block-file\"><a id=\"wp-block-file--media-f4253e32-9a84-41f6-b07e-e69f7434f7a1\" href=\"https:\/\/zmm.lt\/wp-content\/uploads\/2026\/03\/ZMM-UP_-2025-2026-ir-2026-2027-1-nauj.docx\">ZMM UP_ 2025-2026 ir 2026-2027 (1) nauj<\/a><a href=\"https:\/\/zmm.lt\/wp-content\/uploads\/2026\/03\/ZMM-UP_-2025-2026-ir-2026-2027-1-nauj.docx\" class=\"wp-block-file__button wp-element-button\" download aria-describedby=\"wp-block-file--media-f4253e32-9a84-41f6-b07e-e69f7434f7a1\">Download<\/a><\/div>\n\n\n\n<div data-wp-interactive=\"core\/file\" class=\"wp-block-file\"><object data-wp-bind--hidden=\"!state.hasPdfPreview\" hidden class=\"wp-block-file__embed\" data=\"https:\/\/zmm.lt\/wp-content\/uploads\/2026\/03\/VEIKLOSPLANAS2026metai.pdf\" type=\"application\/pdf\" style=\"width:100%;height:600px\" aria-label=\"Embed of VEIKLOS+PLANAS+2026+metai.\"><\/object><a id=\"wp-block-file--media-4bdfb207-e453-404c-b3c9-3a7639559388\" href=\"https:\/\/zmm.lt\/wp-content\/uploads\/2026\/03\/VEIKLOSPLANAS2026metai.pdf\">VEIKLOS+PLANAS+2026+metai<\/a><a href=\"https:\/\/zmm.lt\/wp-content\/uploads\/2026\/03\/VEIKLOSPLANAS2026metai.pdf\" class=\"wp-block-file__button wp-element-button\" download aria-describedby=\"wp-block-file--media-4bdfb207-e453-404c-b3c9-3a7639559388\">Download<\/a><\/div>\n\n\n<h2>Mokyklos veiklos planai<\/h2>\n<p><a href=\"https:\/\/zmm.lt\/wp-content\/uploads\/2025\/02\/VEIKLOS-PLANAS_zmm_2025.pdf\">VEIKLOS PLANAS 2025<\/a><\/p>\n<p><a href=\"https:\/\/zmm.lt\/wp-content\/uploads\/2024\/08\/VEIKLOSPLANAS2024PATVIRTINTAS.pdf\">VEIKLOS PLANAS 2024<\/a><\/p>\n<h2>Mokyklos strateginis planas<\/h2>\n<p><a href=\"https:\/\/zmm.lt\/wp-content\/uploads\/2024\/12\/ZMM_strateginis-planas_2023_2026.pdf\">ZMM strateginis planas 2023-2026 m. m.<\/a><\/p>\n<h2>Formal\u0173j\u012f \u0161vietim\u0105 papildan\u010dios ugdymo (F\u0160PU) programos<\/h2>\n<p><a href=\"https:\/\/zmm.lt\/wp-content\/uploads\/2025\/04\/PRADINIO-MUZIKINIO-FSPU-programa.docx\">PRADINIO MUZIKINIO F\u0160PU programa<\/a><\/p>\n<p><a href=\"https:\/\/zmm.lt\/wp-content\/uploads\/2025\/04\/PAGRINDINIO-MUZIKINIO-FSPU-programa.docx\">PAGRINDINIO MUZIKINIO F\u0160PU programa<\/a><\/p>\n<p><a href=\"https:\/\/zmm.lt\/wp-content\/uploads\/2025\/04\/PRADINIO-DAILES-FSPU-programa.docx\">PRADINIO DAIL\u0116S F\u0160PU programa<\/a><\/p>\n<p><a href=\"https:\/\/zmm.lt\/wp-content\/uploads\/2025\/04\/PAGRINDINIO-DAILES-FSPU-programa.docx\">PAGRINDINIO DAIL\u0116S F\u0160PU programa<\/a><\/p>\n<p><a href=\"https:\/\/zmm.lt\/wp-content\/uploads\/2025\/04\/PRADINIO-SOKIO-FSPU-programa.docx\">PRADINIO \u0160OKIO F\u0160PU programa<\/a><\/p>\n<p><a href=\"https:\/\/zmm.lt\/wp-content\/uploads\/2025\/04\/PAGRINDINIO-SOKIO-FSPU-programa.docx\">PAGRINDINIO \u0160OKIO F\u0160PU programa<\/a><\/p>\n<p><a href=\"https:\/\/zmm.lt\/wp-content\/uploads\/2025\/05\/FSPU-TEATRO-PRADINE.docx\">F\u0160PU TEATRO PRADIN\u0116 programa<\/a><\/p>\n<p><a href=\"https:\/\/zmm.lt\/wp-content\/uploads\/2025\/05\/FSPU-TEATRO-PAGRINDINE.docx\">F\u0160PU TEATRO PAGRINDIN\u0116 programa<\/a><\/p>\n<h2>Trumpalaik\u0117s neformaliojo vaik\u0173 \u0161vietimo (NV\u0160) ugdymo programos:<\/h2>\n<p><a href=\"https:\/\/zmm.lt\/wp-content\/uploads\/2023\/01\/NVS-NEFORMALI-DAILES-STUDIJA-1.pdf\">NV\u0160 NEFORMALI DAIL\u0116S STUDIJA<\/a><\/p>\n<p><a href=\"https:\/\/zmm.lt\/wp-content\/uploads\/2023\/01\/NVS-NEFORMALI-VIZUALIUJU-MENU-STUDIJA.pdf\">NV\u0160 NEFORMALI VIZUALI\u0172J\u0172 MEN\u0172 STUDIJA<\/a><\/p>\n<p><a href=\"https:\/\/zmm.lt\/wp-content\/uploads\/2024\/11\/NVS-PLUNKSNELE.pdf\">NV\u0160 PLUNKSNEL\u0116<\/a><\/p>\n<p><a href=\"https:\/\/zmm.lt\/wp-content\/uploads\/2023\/01\/NVS-RITMIKOS-STUDIJA-muzika-1.pdf\">NV\u0160 RITMIKOS STUDIJA muzika<\/a><\/p>\n<p><a href=\"https:\/\/zmm.lt\/wp-content\/uploads\/2023\/01\/NVS-RITMIKOS-STUDIJA-sokio-ritmu_nauj.pdf\">NV\u0160 RITMIKOS STUDIJA \u0161okio<\/a><\/p>\n<p><a href=\"https:\/\/zmm.lt\/wp-content\/uploads\/2024\/11\/NVS-Teatro-studija-STOGAS.pdf\">NV\u0160 Teatro studija STOGAS<\/a><\/p>\n<p><a href=\"https:\/\/zmm.lt\/wp-content\/uploads\/2024\/11\/NVS-VINGURINIS-1.pdf\">NV\u0160 VINGURINIS<\/a><\/p>\n<p><a href=\"https:\/\/zmm.lt\/wp-content\/uploads\/2023\/01\/NVS-VOKALINIS-ANSAMBLIS-LUNGA.pdf\">NV\u0160 VOKALINIS ANSAMBLIS LUNGA<\/a><\/p>\n<p><a href=\"https:\/\/zmm.lt\/wp-content\/uploads\/2023\/01\/NVS-Daile-suaugusieji.pdf\">NV\u0160 Dail\u0117 suaugusieji<\/a><\/p>\n<p><a href=\"https:\/\/zmm.lt\/wp-content\/uploads\/2023\/01\/NVS-INSTRUMENTINES-MUZIKOS-STUDIJA-INVERSO-PROGRAMA.pdf\">NV\u0160 INSTRUMENTIN\u0116S MUZIKOS STUDIJA INVERSO<\/a><\/p>\n<p><a href=\"https:\/\/zmm.lt\/wp-content\/uploads\/2023\/01\/NVS-Keramika-suaugusiuju.pdf\">NV\u0160 Keramika suaugusi\u0173j\u0173<\/a><\/p>\n<p><a href=\"https:\/\/zmm.lt\/wp-content\/uploads\/2023\/01\/NVS-KERAMIKOS-STUDIJA.pdf\">NV\u0160 KERAMIKOS STUDIJA<\/a><\/p>\n<p><a href=\"https:\/\/zmm.lt\/wp-content\/uploads\/2023\/01\/NVS-Leliu-teatras-1.pdf\">NV\u0160 L\u0117li\u0173 teatras\u00a0<\/a><\/p>\n<p><a href=\"https:\/\/zmm.lt\/wp-content\/uploads\/2024\/11\/NVS-Modernaus-sokio-studija.pdf\">NV\u0160 Modernaus \u0161okio studija<\/a><\/p>\n<p><a href=\"https:\/\/zmm.lt\/wp-content\/uploads\/2023\/01\/NVS-MODERNIOS-MUZIKOS-KURIMAS.pdf\">NV\u0160 MODERNIOS MUZIKOS K\u016aRIMAS<\/a><\/p>\n<p><a href=\"https:\/\/zmm.lt\/wp-content\/uploads\/2024\/11\/NVS-Muzikines-savisaiskos-programa.pdf\">NV\u0160 Muzikin\u0117s savirai\u0161kos programa<\/a><\/p>\n<p><a href=\"https:\/\/zmm.lt\/wp-content\/uploads\/2025\/05\/Dailes-saviraiskos-programa.docx\">Dail\u0117s savirai\u0161kos programa<\/a><\/p>","protected":false},"excerpt":{"rendered":"<p>Mokyklos veiklos planai VEIKLOS PLANAS 2025 VEIKLOS PLANAS 2024 Mokyklos strateginis planas ZMM strateginis planas 2023-2026 m. m. Formal\u0173j\u012f \u0161vietim\u0105 papildan\u010dios ugdymo (F\u0160PU) programos PRADINIO MUZIKINIO F\u0160PU programa PAGRINDINIO MUZIKINIO F\u0160PU programa PRADINIO DAIL\u0116S F\u0160PU programa PAGRINDINIO DAIL\u0116S F\u0160PU programa PRADINIO \u0160OKIO F\u0160PU programa PAGRINDINIO \u0160OKIO F\u0160PU programa F\u0160PU TEATRO PRADIN\u0116 programa F\u0160PU TEATRO PAGRINDIN\u0116 &hellip; <a href=\"https:\/\/zmm.lt\/?page_id=217\" class=\"more-link\">Continue reading <span class=\"screen-reader-text\">Ugdymas ir veikla<\/span> <span class=\"meta-nav\">&rarr;<\/span><\/a><\/p>\n","protected":false},"author":1,"featured_media":0,"parent":0,"menu_order":0,"comment_status":"closed","ping_status":"closed","template":"","meta":{"footnotes":""},"class_list":["post-217","page","type-page","status-publish","hentry"],"_links":{"self":[{"href":"https:\/\/zmm.lt\/index.php?rest_route=\/wp\/v2\/pages\/217","targetHints":{"allow":["GET"]}}],"collection":[{"href":"https:\/\/zmm.lt\/index.php?rest_route=\/wp\/v2\/pages"}],"about":[{"href":"https:\/\/zmm.lt\/index.php?rest_route=\/wp\/v2\/types\/page"}],"author":[{"embeddable":true,"href":"https:\/\/zmm.lt\/index.php?rest_route=\/wp\/v2\/users\/1"}],"replies":[{"embeddable":true,"href":"https:\/\/zmm.lt\/index.php?rest_route=%2Fwp%2Fv2%2Fcomments&post=217"}],"version-history":[{"count":99,"href":"https:\/\/zmm.lt\/index.php?rest_route=\/wp\/v2\/pages\/217\/revisions"}],"predecessor-version":[{"id":2869,"href":"https:\/\/zmm.lt\/index.php?rest_route=\/wp\/v2\/pages\/217\/revisions\/2869"}],"wp:attachment":[{"href":"https:\/\/zmm.lt\/index.php?rest_route=%2Fwp%2Fv2%2Fmedia&parent=217"}],"curies":[{"name":"wp","href":"https:\/\/api.w.org\/{rel}","templated":true}]}}