{"id":213,"date":"2022-07-26T06:02:40","date_gmt":"2022-07-26T06:02:40","guid":{"rendered":"http:\/\/sbtestpage.lt\/?page_id=213"},"modified":"2025-08-26T05:33:49","modified_gmt":"2025-08-26T05:33:49","slug":"nuostatai","status":"publish","type":"page","link":"https:\/\/zmm.lt\/?page_id=213","title":{"rendered":"Nuostatai"},"content":{"rendered":"\t\t<div data-elementor-type=\"wp-page\" data-elementor-id=\"213\" class=\"elementor elementor-213\">\n\t\t\t\t\t\t<section class=\"elementor-section elementor-top-section elementor-element elementor-element-329c5f33 elementor-section-boxed elementor-section-height-default elementor-section-height-default\" data-id=\"329c5f33\" data-element_type=\"section\">\n\t\t\t\t\t\t<div class=\"elementor-container elementor-column-gap-default\">\n\t\t\t\t\t<div class=\"elementor-column elementor-col-100 elementor-top-column elementor-element elementor-element-5268fe70\" data-id=\"5268fe70\" data-element_type=\"column\">\n\t\t\t<div class=\"elementor-widget-wrap elementor-element-populated\">\n\t\t\t\t\t\t<div class=\"elementor-element elementor-element-1224f20c elementor-widget elementor-widget-text-editor\" data-id=\"1224f20c\" data-element_type=\"widget\" data-widget_type=\"text-editor.default\">\n\t\t\t\t<div class=\"elementor-widget-container\">\n\t\t\t\t\t\t\t<p><span style=\"text-decoration: underline;\"><a href=\"https:\/\/zmm.lt\/wp-content\/uploads\/2025\/08\/Nr.-T-145-2025-07-31-DEL-ZARASU-FAUSTO-LATENO-MENO-MOKYKLOS-NUOSTATU-PA.pdf\">ZARAS\u0172 FAUSTO LAT\u0116NO MENO MOKYKLOS NUOSTATAI<\/a><\/span><\/p><p><span style=\"text-decoration: underline;\"><a href=\"https:\/\/zmm.lt\/wp-content\/uploads\/2023\/01\/Del-Zarasu-meno-mokyklos-pavadinimo-pakeitimo-bei-nuostatu-patvirtinimo.pdf\">D\u0117l Zaras\u0173 meno mokyklos pavadinimo pakeitimo bei nuostat\u0173 patvirtinimo<\/a><\/span><\/p>\t\t\t\t\t\t<\/div>\n\t\t\t\t<\/div>\n\t\t\t\t\t<\/div>\n\t\t<\/div>\n\t\t\t\t\t<\/div>\n\t\t<\/section>\n\t\t\t\t<section class=\"elementor-section elementor-top-section elementor-element elementor-element-74f132a elementor-section-boxed elementor-section-height-default elementor-section-height-default\" data-id=\"74f132a\" data-element_type=\"section\">\n\t\t\t\t\t\t<div class=\"elementor-container elementor-column-gap-default\">\n\t\t\t\t\t<div class=\"elementor-column elementor-col-100 elementor-top-column elementor-element elementor-element-80881e4\" data-id=\"80881e4\" data-element_type=\"column\">\n\t\t\t<div class=\"elementor-widget-wrap elementor-element-populated\">\n\t\t\t\t\t\t<div class=\"elementor-element elementor-element-4ad69eb elementor-widget elementor-widget-spacer\" data-id=\"4ad69eb\" data-element_type=\"widget\" data-widget_type=\"spacer.default\">\n\t\t\t\t<div class=\"elementor-widget-container\">\n\t\t\t\t\t<div class=\"elementor-spacer\">\n\t\t\t<div class=\"elementor-spacer-inner\"><\/div>\n\t\t<\/div>\n\t\t\t\t<\/div>\n\t\t\t\t<\/div>\n\t\t\t\t\t<\/div>\n\t\t<\/div>\n\t\t\t\t\t<\/div>\n\t\t<\/section>\n\t\t\t\t<\/div>\n\t\t","protected":false},"excerpt":{"rendered":"<p>ZARAS\u0172 FAUSTO LAT\u0116NO MENO MOKYKLOS NUOSTATAI D\u0117l Zaras\u0173 meno mokyklos pavadinimo pakeitimo bei nuostat\u0173 patvirtinimo<\/p>\n","protected":false},"author":1,"featured_media":0,"parent":0,"menu_order":0,"comment_status":"closed","ping_status":"closed","template":"","meta":{"footnotes":""},"class_list":["post-213","page","type-page","status-publish","hentry"],"_links":{"self":[{"href":"https:\/\/zmm.lt\/index.php?rest_route=\/wp\/v2\/pages\/213","targetHints":{"allow":["GET"]}}],"collection":[{"href":"https:\/\/zmm.lt\/index.php?rest_route=\/wp\/v2\/pages"}],"about":[{"href":"https:\/\/zmm.lt\/index.php?rest_route=\/wp\/v2\/types\/page"}],"author":[{"embeddable":true,"href":"https:\/\/zmm.lt\/index.php?rest_route=\/wp\/v2\/users\/1"}],"replies":[{"embeddable":true,"href":"https:\/\/zmm.lt\/index.php?rest_route=%2Fwp%2Fv2%2Fcomments&post=213"}],"version-history":[{"count":37,"href":"https:\/\/zmm.lt\/index.php?rest_route=\/wp\/v2\/pages\/213\/revisions"}],"predecessor-version":[{"id":2440,"href":"https:\/\/zmm.lt\/index.php?rest_route=\/wp\/v2\/pages\/213\/revisions\/2440"}],"wp:attachment":[{"href":"https:\/\/zmm.lt\/index.php?rest_route=%2Fwp%2Fv2%2Fmedia&parent=213"}],"curies":[{"name":"wp","href":"https:\/\/api.w.org\/{rel}","templated":true}]}}