{"id":198,"date":"2022-06-21T09:44:46","date_gmt":"2022-06-21T09:44:46","guid":{"rendered":"http:\/\/sbtestpage.lt\/?page_id=198"},"modified":"2025-05-22T09:06:02","modified_gmt":"2025-05-22T09:06:02","slug":"mokiniu-priemimas","status":"publish","type":"page","link":"https:\/\/zmm.lt\/?page_id=198","title":{"rendered":"Mokini\u0173 pri\u0117mimas"},"content":{"rendered":"\t\t<div data-elementor-type=\"wp-page\" data-elementor-id=\"198\" class=\"elementor elementor-198\">\n\t\t\t\t\t\t<section class=\"elementor-section elementor-top-section elementor-element elementor-element-05090f1 elementor-section-boxed elementor-section-height-default elementor-section-height-default\" data-id=\"05090f1\" data-element_type=\"section\">\n\t\t\t\t\t\t<div class=\"elementor-container elementor-column-gap-default\">\n\t\t\t\t\t<div class=\"elementor-column elementor-col-100 elementor-top-column elementor-element elementor-element-917d895\" data-id=\"917d895\" data-element_type=\"column\">\n\t\t\t<div class=\"elementor-widget-wrap elementor-element-populated\">\n\t\t\t\t\t\t<div class=\"elementor-element elementor-element-3526876 elementor-widget elementor-widget-text-editor\" data-id=\"3526876\" data-element_type=\"widget\" data-widget_type=\"text-editor.default\">\n\t\t\t\t<div class=\"elementor-widget-container\">\n\t\t\t\t\t\t\t<p><a href=\"https:\/\/zmm.lt\/wp-content\/uploads\/2025\/05\/PRASYMAS-PRIIMTI-FSPU.doc\">PRASYMAS PRIIMTI FSPU<\/a>\u00a0<\/p><p><a href=\"https:\/\/zmm.lt\/wp-content\/uploads\/2025\/05\/PRASYMAS-PRIIMTI-NVS.doc\">PRASYMAS PRIIMTI NVS<\/a><\/p><p><a href=\"https:\/\/zmm.lt\/wp-content\/uploads\/2025\/05\/PRASYMAS-PRIIMTI-NVS_Dusetu.doc\">PRASYMAS PRIIMTI NVS_Dusetu<\/a><\/p><p><a href=\"https:\/\/zmm.lt\/wp-content\/uploads\/2025\/05\/PRASYMAS-PRIIMTI-FSPU_Dusetu.doc\">PRASYMAS PRIIMTI FSPU_Dusetu<\/a><\/p><p><a href=\"https:\/\/zmm.lt\/wp-content\/uploads\/2025\/05\/mokymo-sutartis-FSPU-pataisyta-2025-1.docx\">MOKYMO SUTARTIS F\u0160PU 2025<\/a><\/p><p><a href=\"https:\/\/zmm.lt\/wp-content\/uploads\/2025\/05\/mokymo-sutartis-NVS-pataisyta-2025.docx\">Mokymo SUTARTIS NV\u0160 pataisyta 2025<\/a><\/p><p><a href=\"https:\/\/zmm.lt\/wp-content\/uploads\/2023\/05\/Vaiko_sutikimo_forma-2023.docx\">Vaiko_duomen\u0173 naudojimo sutikimo_forma &#8211; b\u016btina pasira\u0161yti kartu su sutartimi<\/a><\/p><p><a style=\"font-size: 16px;\" href=\"https:\/\/zmm.lt\/wp-content\/uploads\/2023\/05\/Prasymas-del-isbraukimo.docx\">Pra\u0161ymas i\u0161sibraukti<\/a>\u00a0<\/p>\t\t\t\t\t\t<\/div>\n\t\t\t\t<\/div>\n\t\t\t\t\t<\/div>\n\t\t<\/div>\n\t\t\t\t\t<\/div>\n\t\t<\/section>\n\t\t\t\t<\/div>\n\t\t","protected":false},"excerpt":{"rendered":"<p>PRASYMAS PRIIMTI FSPU\u00a0 PRASYMAS PRIIMTI NVS PRASYMAS PRIIMTI NVS_Dusetu PRASYMAS PRIIMTI FSPU_Dusetu MOKYMO SUTARTIS F\u0160PU 2025 Mokymo SUTARTIS NV\u0160 pataisyta 2025 Vaiko_duomen\u0173 naudojimo sutikimo_forma &#8211; b\u016btina pasira\u0161yti kartu su sutartimi Pra\u0161ymas i\u0161sibraukti\u00a0<\/p>\n","protected":false},"author":1,"featured_media":0,"parent":0,"menu_order":0,"comment_status":"closed","ping_status":"closed","template":"","meta":{"footnotes":""},"class_list":["post-198","page","type-page","status-publish","hentry"],"_links":{"self":[{"href":"https:\/\/zmm.lt\/index.php?rest_route=\/wp\/v2\/pages\/198","targetHints":{"allow":["GET"]}}],"collection":[{"href":"https:\/\/zmm.lt\/index.php?rest_route=\/wp\/v2\/pages"}],"about":[{"href":"https:\/\/zmm.lt\/index.php?rest_route=\/wp\/v2\/types\/page"}],"author":[{"embeddable":true,"href":"https:\/\/zmm.lt\/index.php?rest_route=\/wp\/v2\/users\/1"}],"replies":[{"embeddable":true,"href":"https:\/\/zmm.lt\/index.php?rest_route=%2Fwp%2Fv2%2Fcomments&post=198"}],"version-history":[{"count":34,"href":"https:\/\/zmm.lt\/index.php?rest_route=\/wp\/v2\/pages\/198\/revisions"}],"predecessor-version":[{"id":2274,"href":"https:\/\/zmm.lt\/index.php?rest_route=\/wp\/v2\/pages\/198\/revisions\/2274"}],"wp:attachment":[{"href":"https:\/\/zmm.lt\/index.php?rest_route=%2Fwp%2Fv2%2Fmedia&parent=198"}],"curies":[{"name":"wp","href":"https:\/\/api.w.org\/{rel}","templated":true}]}}