{"id":191,"date":"2022-06-21T09:43:05","date_gmt":"2022-06-21T09:43:05","guid":{"rendered":"http:\/\/sbtestpage.lt\/?page_id=191"},"modified":"2026-03-20T13:21:50","modified_gmt":"2026-03-20T13:21:50","slug":"dokumentai","status":"publish","type":"page","link":"https:\/\/zmm.lt\/?page_id=191","title":{"rendered":"Dokumentai"},"content":{"rendered":"<p><a href=\"https:\/\/zmm.lt\/?page_id=213\">Nuostatai<\/a><\/p>\n<p><a href=\"https:\/\/zmm.lt\/?page_id=1569\">\u012esivertinimas<\/a><\/p>\n<p><a href=\"https:\/\/zmm.lt\/?page_id=217\">Ugdymas ir veikla<\/a><\/p>\n<p><a href=\"https:\/\/zmm.lt\/?page_id=228\">Tvarkara\u0161\u010diai, darbo grafikai<\/a><\/p>\n<p><a href=\"https:\/\/zmm.lt\/?page_id=230\">Ataskaitos<\/a><\/p>\n<p><a href=\"https:\/\/zmm.lt\/?page_id=235\">Korupcijos prevencija<\/a><\/p>\n<p><a href=\"https:\/\/zmm.lt\/?page_id=237\">Vie\u0161ieji pirkimai<\/a><\/p>\n<p>\u00a0<\/p>\n<p>\u00a0<\/p>\n<p>\u00a0<\/p>\n<p>\u00a0<\/p>\n<p>\u00a0<\/p>\n<p>\u00a0<\/p>\n<p>\u00a0<\/p>\n<p>\u00a0<\/p>\n<p>\u00a0<\/p>\n<p>\u00a0<\/p>\n","protected":false},"excerpt":{"rendered":"<p>Nuostatai \u012esivertinimas Ugdymas ir veikla Tvarkara\u0161\u010diai, darbo grafikai Ataskaitos Korupcijos prevencija Vie\u0161ieji pirkimai \u00a0 \u00a0 \u00a0 \u00a0 \u00a0 \u00a0 \u00a0 \u00a0 \u00a0 \u00a0<\/p>\n","protected":false},"author":1,"featured_media":0,"parent":0,"menu_order":0,"comment_status":"closed","ping_status":"closed","template":"","meta":{"footnotes":""},"class_list":["post-191","page","type-page","status-publish","hentry"],"_links":{"self":[{"href":"https:\/\/zmm.lt\/index.php?rest_route=\/wp\/v2\/pages\/191","targetHints":{"allow":["GET"]}}],"collection":[{"href":"https:\/\/zmm.lt\/index.php?rest_route=\/wp\/v2\/pages"}],"about":[{"href":"https:\/\/zmm.lt\/index.php?rest_route=\/wp\/v2\/types\/page"}],"author":[{"embeddable":true,"href":"https:\/\/zmm.lt\/index.php?rest_route=\/wp\/v2\/users\/1"}],"replies":[{"embeddable":true,"href":"https:\/\/zmm.lt\/index.php?rest_route=%2Fwp%2Fv2%2Fcomments&post=191"}],"version-history":[{"count":17,"href":"https:\/\/zmm.lt\/index.php?rest_route=\/wp\/v2\/pages\/191\/revisions"}],"predecessor-version":[{"id":1591,"href":"https:\/\/zmm.lt\/index.php?rest_route=\/wp\/v2\/pages\/191\/revisions\/1591"}],"wp:attachment":[{"href":"https:\/\/zmm.lt\/index.php?rest_route=%2Fwp%2Fv2%2Fmedia&parent=191"}],"curies":[{"name":"wp","href":"https:\/\/api.w.org\/{rel}","templated":true}]}}