{"id":1716,"date":"2024-04-23T04:45:26","date_gmt":"2024-04-23T04:45:26","guid":{"rendered":"https:\/\/zmm.lt\/?page_id=1716"},"modified":"2026-04-03T10:21:40","modified_gmt":"2026-04-03T10:21:40","slug":"konkursai","status":"publish","type":"page","link":"https:\/\/zmm.lt\/?page_id=1716","title":{"rendered":"Konkursai"},"content":{"rendered":"<p><img fetchpriority=\"high\" decoding=\"async\" class=\"alignnone size-full wp-image-2888\" src=\"https:\/\/zmm.lt\/wp-content\/uploads\/2026\/04\/Ezeru-muza-logotipas-ilgas-scaled.jpg\" alt=\"\" width=\"2560\" height=\"1208\" srcset=\"https:\/\/zmm.lt\/wp-content\/uploads\/2026\/04\/Ezeru-muza-logotipas-ilgas-scaled.jpg 2560w, https:\/\/zmm.lt\/wp-content\/uploads\/2026\/04\/Ezeru-muza-logotipas-ilgas-300x142.jpg 300w, https:\/\/zmm.lt\/wp-content\/uploads\/2026\/04\/Ezeru-muza-logotipas-ilgas-1024x483.jpg 1024w, https:\/\/zmm.lt\/wp-content\/uploads\/2026\/04\/Ezeru-muza-logotipas-ilgas-768x362.jpg 768w, https:\/\/zmm.lt\/wp-content\/uploads\/2026\/04\/Ezeru-muza-logotipas-ilgas-1536x725.jpg 1536w, https:\/\/zmm.lt\/wp-content\/uploads\/2026\/04\/Ezeru-muza-logotipas-ilgas-2048x966.jpg 2048w\" sizes=\"(max-width: 2560px) 100vw, 2560px\" \/><\/p>\n<ul>\n<li>I Tarptautinis virtualus muzikos ir meno mokykl\u0173 jaun\u0173j\u0173 pianist\u0173 konkursas \u201eE\u017dER\u0172 M\u016aZA 2026\u201c vyks nuotoliniu b\u016bdu.<\/li>\n<li>Konkursui dalyviai atlieka <strong>vien\u0105 laisvai pasirinkt\u0105 k\u016brin\u012f<\/strong>, kurio trukm\u0117 neturi vir\u0161yti 6 min.<\/li>\n<li>Solistai k\u016brin\u012f atlieka mintinai, duetai gali atlikti i\u0161 nat\u0173.<\/li>\n<li>Konkurso dalyvio pasirodymas turi b\u016bti nufilmuotas stabilia, horizontalia, nejudan\u010dia kamera (gali b\u016bti ir telefono kamera). Vaizdo \u012fra\u0161e turi matytis visu \u016bgiu atlik\u0117jas\/ansamblis (pageidautina koncertin\u0117 apranga). K\u016brinio atlikimo vaizdo \u012fra\u0161as filmuojamas be monta\u017eo ir turi b\u016bti sukurtas ne ank\u0161\u010diau kaip 2025-2026 metais.<\/li>\n<li>Konkurso dalyvio vaizdo \u012fra\u0161as patalpinamas Youtube soc. tinkle. Talpinant atlik\u0117jo \u012fra\u0161\u0105 \u012f Youtube socialin\u012f tinkl\u0105 reikia nurodyti:<\/li>\n<\/ul>\n<ol>\n<li>Atliekamo k\u016brinio autori\u0173, k\u016brinio pavadinim\u0105, atlik\u0117jo vard\u0105 ir pavard\u0119;<\/li>\n<li>Vaizdo \u012fra\u0161o auditorija turi b\u016bti skirta vaikams (,,Yes,it\u2019s made for kids\u201d);<\/li>\n<li>Vaizdo \u012fra\u0161as turi b\u016bti nustatytas kaip ne\u012ftrauktas \u012f s\u0105ra\u0161\u0105 (,,Unlisted\u201d).<\/li>\n<\/ol>\n<p><strong>KONKURSO LAIKAS IR VIETA<\/strong><\/p>\n<ul>\n<li>I Tarptautinis virtualus muzikos ir meno mokykl\u0173 jaun\u0173j\u0173 pianist\u0173 konkursas \u201eE\u017dER\u0172 M\u016aZA 2026\u201c vyks nuotoliniu b\u016bdu.<\/li>\n<li>Konkurso dalyvio parai\u0161kas si\u0173sti el. p. <a href=\"mailto:sv.dalia@gmail.com\">dalia@gmail.com<\/a>\u00a0 iki 2026 m. gegu\u017e\u0117s 5 d.<\/li>\n<li>Kartu su parai\u0161ka privaloma atsi\u0173sti dalyvio mokes\u010dio apmok\u0117jim\u0105 patvirtinan\u010dio dokumento kopij\u0105.<\/li>\n<li>Dalyvi\u0173 pasirodym\u0173 per\u017ei\u016bra ir vertinimas vyks 2026 m. gegu\u017e\u0117s 7 \u2013 14 d.<\/li>\n<li>Konkurso rezultatai 2026 m. gegu\u017e\u0117s 18 d. bus skelbiami Zaras\u0173 Fausto Lat\u0117no meno mokyklos internetin\u0117je svetain\u0117je <a href=\"http:\/\/www.zmm.lt\/\">zmm.lt<\/a><\/li>\n<\/ul>\n<p><strong>KONKURSO DALYVIO MOKESTIS<\/strong><\/p>\n<ul>\n<li>Konkurso dalyvio mokestis 10 eur\u0173.<\/li>\n<\/ul>\n\n\n<div data-wp-interactive=\"core\/file\" class=\"wp-block-file\"><object data-wp-bind--hidden=\"!state.hasPdfPreview\" hidden class=\"wp-block-file__embed\" data=\"https:\/\/zmm.lt\/wp-content\/uploads\/2026\/04\/2026-04-03ezerumuzanuostatai-patvirtinti.pdf\" type=\"application\/pdf\" style=\"width:100%;height:600px\" aria-label=\"Embed of 2026-04-03+ezeru+muza+nuostatai patvirtinti.\"><\/object><a id=\"wp-block-file--media-0c23af2c-f8f9-4e97-8071-53569edd1eab\" href=\"https:\/\/zmm.lt\/wp-content\/uploads\/2026\/04\/2026-04-03ezerumuzanuostatai-patvirtinti.pdf\">2026-04-03+ezeru+muza+nuostatai patvirtinti<\/a><a href=\"https:\/\/zmm.lt\/wp-content\/uploads\/2026\/04\/2026-04-03ezerumuzanuostatai-patvirtinti.pdf\" class=\"wp-block-file__button wp-element-button\" download aria-describedby=\"wp-block-file--media-0c23af2c-f8f9-4e97-8071-53569edd1eab\">Download<\/a><\/div>\n\n\n\n<div class=\"wp-block-file\"><a id=\"wp-block-file--media-633b2e87-9c04-46dc-b86b-1e4c215a6cbb\" href=\"https:\/\/zmm.lt\/wp-content\/uploads\/2026\/04\/EzeruMuzadalyvioanketa.docx\">E\u017eer\u0173+M\u016bza+dalyvio+anketa<\/a><a href=\"https:\/\/zmm.lt\/wp-content\/uploads\/2026\/04\/EzeruMuzadalyvioanketa.docx\" class=\"wp-block-file__button wp-element-button\" download aria-describedby=\"wp-block-file--media-633b2e87-9c04-46dc-b86b-1e4c215a6cbb\">Download<\/a><\/div>\n\n\n\n<div class=\"wp-block-file\"><a id=\"wp-block-file--media-e4e7075c-add2-4d6b-bbb4-02470044aa28\" href=\"https:\/\/zmm.lt\/wp-content\/uploads\/2026\/04\/EzeruMuzaparticipant-form-EN.docx\">E\u017eer\u0173+M\u016bza+participant form EN<\/a><a href=\"https:\/\/zmm.lt\/wp-content\/uploads\/2026\/04\/EzeruMuzaparticipant-form-EN.docx\" class=\"wp-block-file__button wp-element-button\" download aria-describedby=\"wp-block-file--media-e4e7075c-add2-4d6b-bbb4-02470044aa28\">Download<\/a><\/div>\n\n\n\n<div data-wp-interactive=\"core\/file\" class=\"wp-block-file\"><object data-wp-bind--hidden=\"!state.hasPdfPreview\" hidden class=\"wp-block-file__embed\" data=\"https:\/\/zmm.lt\/wp-content\/uploads\/2026\/04\/2026-04-03ezerumuzaregulations-in-EN.pdf\" type=\"application\/pdf\" style=\"width:100%;height:600px\" aria-label=\"Embed of 2026-04-03+ezeru+muza+regulations in EN.\"><\/object><a id=\"wp-block-file--media-0748f3f9-64be-461c-9c4f-a1b846b3ab9e\" href=\"https:\/\/zmm.lt\/wp-content\/uploads\/2026\/04\/2026-04-03ezerumuzaregulations-in-EN.pdf\">2026-04-03+ezeru+muza+regulations in EN<\/a><a href=\"https:\/\/zmm.lt\/wp-content\/uploads\/2026\/04\/2026-04-03ezerumuzaregulations-in-EN.pdf\" class=\"wp-block-file__button wp-element-button\" download aria-describedby=\"wp-block-file--media-0748f3f9-64be-461c-9c4f-a1b846b3ab9e\">Download<\/a><\/div>\n\n\n\n<figure class=\"wp-block-image size-large\"><img decoding=\"async\" width=\"724\" height=\"1024\" src=\"https:\/\/zmm.lt\/wp-content\/uploads\/2026\/04\/Klajojanti-muzika-PLAKATAS-20242-724x1024.jpg\" alt=\"\" class=\"wp-image-2899\" srcset=\"https:\/\/zmm.lt\/wp-content\/uploads\/2026\/04\/Klajojanti-muzika-PLAKATAS-20242-724x1024.jpg 724w, https:\/\/zmm.lt\/wp-content\/uploads\/2026\/04\/Klajojanti-muzika-PLAKATAS-20242-212x300.jpg 212w, https:\/\/zmm.lt\/wp-content\/uploads\/2026\/04\/Klajojanti-muzika-PLAKATAS-20242-768x1086.jpg 768w, https:\/\/zmm.lt\/wp-content\/uploads\/2026\/04\/Klajojanti-muzika-PLAKATAS-20242-1086x1536.jpg 1086w, https:\/\/zmm.lt\/wp-content\/uploads\/2026\/04\/Klajojanti-muzika-PLAKATAS-20242-1448x2048.jpg 1448w, https:\/\/zmm.lt\/wp-content\/uploads\/2026\/04\/Klajojanti-muzika-PLAKATAS-20242-scaled.jpg 1810w\" sizes=\"(max-width: 724px) 100vw, 724px\" \/><\/figure>\n\n\n\n<p><strong>VIII-ASIS&nbsp; TARPTAUTINIS MUZIKOS IR MENO MOKYKL\u0172 <\/strong><strong>FORTEPIJONIN\u0116S&nbsp; MUZIKOS KONKURSAS ,,KLAJOJANTI MUZIKA\u2018\u2018:<\/strong><\/p>\n\n\n\n<ul class=\"wp-block-list\">\n<li>Konkursas vyks <strong>2026 m. kovo 28 d<\/strong>. Zaras\u0173 \u00a0Fausto Lat\u0117no meno mokykloje, Dariaus ir Gir\u0117no g. 11, Zarasai, tel. +370\u00a0385 30579.<\/li>\n\n\n\n<li>Konkurse kvie\u010diami dalyvauti muzikos ir meno mokykl\u0173 fortepijono skyriaus mokiniai.<\/li>\n\n\n\n<li>Konkurse gali dalyvauti formal\u0173j\u012f \u0161vietim\u0105 papildan\u010di\u0173 ugdymo institucij\u0173 jaunieji atlik\u0117jai.<\/li>\n\n\n\n<li>Konkurso dalyviai skirstomi \u012f\u00a0 4 kategorijas pagal klas\u0119 meno\/muzikos mokykloje:\u00a0<\/li>\n\n\n\n<li>A kategorija \u2013 1-3 klas\u0117s;<\/li>\n\n\n\n<li>B kategorija \u2013 4-5 klas\u0117s;<\/li>\n\n\n\n<li>C kategorija \u2013 6-8 klas\u0117s;<\/li>\n\n\n\n<li>D kategorija \u2013 9 klas\u0117 ir vyresni.<\/li>\n<\/ul>\n\n\n\n<p>Konkurso dalyviai atlieka 2 k\u016brinius: 1) laisvai pasirinktas<strong> Baltijos \u0161ali\u0173 (Lietuvi\u0173, Latvi\u0173, Est\u0173) <\/strong>kompozitoriaus k\u016brinys; 2) laisvai pasirinktas k\u016brinys. Daugiau informacijos &#8211; konkurso nuostatuose:<\/p>\n\n\n\n<p><a href=\"https:\/\/zmm.lt\/wp-content\/uploads\/2026\/02\/VIII2026BaltijossaliuTarptautiniokonkursoKlajojantimuzikanuostatai.docx\">VIII-ojo 2026 m. Baltijos \u0161ali\u0173 tarptautinio konkurso Klajojanti muzika nuostatai<\/a><\/p>\n\n\n\n<p><a href=\"https:\/\/zmm.lt\/wp-content\/uploads\/2026\/02\/2026anketaVIIITarptautiniokonkursoKlajojantimuzika.docx\">2026 DALYVIO ANKETA VIII Tarptautinio konkurso Klajojanti muzika<\/a><\/p>\n\n\n\n<p><a href=\"https:\/\/zmm.lt\/wp-content\/uploads\/2026\/02\/2026-Wandering-music-regulations-nuostatai-angl.docx\">2026 Wandering Music Regulations in English<\/a><\/p>\n\n\n\n<p><a href=\"https:\/\/zmm.lt\/wp-content\/uploads\/2026\/02\/2026-participant-form-Klajojanti-muzika-English.docx\">2026 Participant Form in English<\/a><\/p>\n\n\n\n<p><\/p>\n","protected":false},"excerpt":{"rendered":"<p>I Tarptautinis virtualus muzikos ir meno mokykl\u0173 jaun\u0173j\u0173 pianist\u0173 konkursas \u201eE\u017dER\u0172 M\u016aZA 2026\u201c vyks nuotoliniu b\u016bdu. Konkursui dalyviai atlieka vien\u0105 laisvai pasirinkt\u0105 k\u016brin\u012f, kurio trukm\u0117 neturi vir\u0161yti 6 min. Solistai k\u016brin\u012f atlieka mintinai, duetai gali atlikti i\u0161 nat\u0173. Konkurso dalyvio pasirodymas turi b\u016bti nufilmuotas stabilia, horizontalia, nejudan\u010dia kamera (gali b\u016bti ir telefono kamera). Vaizdo \u012fra\u0161e &hellip; <a href=\"https:\/\/zmm.lt\/?page_id=1716\" class=\"more-link\">Continue reading <span class=\"screen-reader-text\">Konkursai<\/span> <span class=\"meta-nav\">&rarr;<\/span><\/a><\/p>\n","protected":false},"author":1,"featured_media":0,"parent":0,"menu_order":0,"comment_status":"closed","ping_status":"closed","template":"","meta":{"footnotes":""},"class_list":["post-1716","page","type-page","status-publish","hentry"],"_links":{"self":[{"href":"https:\/\/zmm.lt\/index.php?rest_route=\/wp\/v2\/pages\/1716","targetHints":{"allow":["GET"]}}],"collection":[{"href":"https:\/\/zmm.lt\/index.php?rest_route=\/wp\/v2\/pages"}],"about":[{"href":"https:\/\/zmm.lt\/index.php?rest_route=\/wp\/v2\/types\/page"}],"author":[{"embeddable":true,"href":"https:\/\/zmm.lt\/index.php?rest_route=\/wp\/v2\/users\/1"}],"replies":[{"embeddable":true,"href":"https:\/\/zmm.lt\/index.php?rest_route=%2Fwp%2Fv2%2Fcomments&post=1716"}],"version-history":[{"count":17,"href":"https:\/\/zmm.lt\/index.php?rest_route=\/wp\/v2\/pages\/1716\/revisions"}],"predecessor-version":[{"id":2900,"href":"https:\/\/zmm.lt\/index.php?rest_route=\/wp\/v2\/pages\/1716\/revisions\/2900"}],"wp:attachment":[{"href":"https:\/\/zmm.lt\/index.php?rest_route=%2Fwp%2Fv2%2Fmedia&parent=1716"}],"curies":[{"name":"wp","href":"https:\/\/api.w.org\/{rel}","templated":true}]}}