{"id":1619,"date":"2024-03-22T06:43:43","date_gmt":"2024-03-22T06:43:43","guid":{"rendered":"https:\/\/zmm.lt\/?page_id=1619"},"modified":"2024-03-22T06:48:42","modified_gmt":"2024-03-22T06:48:42","slug":"teisine-informacija","status":"publish","type":"page","link":"https:\/\/zmm.lt\/?page_id=1619","title":{"rendered":"Teisin\u0117 informacija"},"content":{"rendered":"\t\t<div data-elementor-type=\"wp-page\" data-elementor-id=\"1619\" class=\"elementor elementor-1619\">\n\t\t\t\t\t\t<section class=\"elementor-section elementor-top-section elementor-element elementor-element-4b32d1f elementor-section-boxed elementor-section-height-default elementor-section-height-default\" data-id=\"4b32d1f\" data-element_type=\"section\">\n\t\t\t\t\t\t<div class=\"elementor-container elementor-column-gap-default\">\n\t\t\t\t\t<div class=\"elementor-column elementor-col-100 elementor-top-column elementor-element elementor-element-e72a293\" data-id=\"e72a293\" data-element_type=\"column\">\n\t\t\t<div class=\"elementor-widget-wrap elementor-element-populated\">\n\t\t\t\t\t\t<div class=\"elementor-element elementor-element-85a3e1f elementor-widget elementor-widget-text-editor\" data-id=\"85a3e1f\" data-element_type=\"widget\" data-widget_type=\"text-editor.default\">\n\t\t\t\t<div class=\"elementor-widget-container\">\n\t\t\t\t\t\t\t<h3>Mokykla teis\u0117s akt\u0173 nerengia.<\/h3><h3>Nuorodos \u012f \u0160vietimo ir sporto ministerijos puslap\u012f:<\/h3><p><span style=\"text-decoration: underline;\"><a href=\"https:\/\/smsm.lrv.lt\/lt\/teisine-informacija-1\/teises-aktai-1\/\">Teises aktai<\/a><\/span><\/p><p><span style=\"text-decoration: underline;\"><a href=\"https:\/\/smsm.lrv.lt\/lt\/teisine-informacija-1\/teises-aktu-projektai-2\/\">Teises aktu projektai<\/a><\/span><\/p><p>\u00a0<\/p>\t\t\t\t\t\t<\/div>\n\t\t\t\t<\/div>\n\t\t\t\t\t<\/div>\n\t\t<\/div>\n\t\t\t\t\t<\/div>\n\t\t<\/section>\n\t\t\t\t<section class=\"elementor-section elementor-top-section elementor-element elementor-element-292a859 elementor-section-boxed elementor-section-height-default elementor-section-height-default\" data-id=\"292a859\" data-element_type=\"section\">\n\t\t\t\t\t\t<div class=\"elementor-container elementor-column-gap-default\">\n\t\t\t\t\t<div class=\"elementor-column elementor-col-100 elementor-top-column elementor-element elementor-element-ca026f2\" data-id=\"ca026f2\" data-element_type=\"column\">\n\t\t\t<div class=\"elementor-widget-wrap elementor-element-populated\">\n\t\t\t\t\t\t<div class=\"elementor-element elementor-element-8e33973 elementor-widget elementor-widget-spacer\" data-id=\"8e33973\" data-element_type=\"widget\" data-widget_type=\"spacer.default\">\n\t\t\t\t<div class=\"elementor-widget-container\">\n\t\t\t\t\t<div class=\"elementor-spacer\">\n\t\t\t<div class=\"elementor-spacer-inner\"><\/div>\n\t\t<\/div>\n\t\t\t\t<\/div>\n\t\t\t\t<\/div>\n\t\t\t\t\t<\/div>\n\t\t<\/div>\n\t\t\t\t\t<\/div>\n\t\t<\/section>\n\t\t\t\t<\/div>\n\t\t","protected":false},"excerpt":{"rendered":"<p>Mokykla teis\u0117s akt\u0173 nerengia. Nuorodos \u012f \u0160vietimo ir sporto ministerijos puslap\u012f: Teises aktai Teises aktu projektai \u00a0<\/p>\n","protected":false},"author":1,"featured_media":0,"parent":0,"menu_order":0,"comment_status":"closed","ping_status":"closed","template":"","meta":{"footnotes":""},"class_list":["post-1619","page","type-page","status-publish","hentry"],"_links":{"self":[{"href":"https:\/\/zmm.lt\/index.php?rest_route=\/wp\/v2\/pages\/1619","targetHints":{"allow":["GET"]}}],"collection":[{"href":"https:\/\/zmm.lt\/index.php?rest_route=\/wp\/v2\/pages"}],"about":[{"href":"https:\/\/zmm.lt\/index.php?rest_route=\/wp\/v2\/types\/page"}],"author":[{"embeddable":true,"href":"https:\/\/zmm.lt\/index.php?rest_route=\/wp\/v2\/users\/1"}],"replies":[{"embeddable":true,"href":"https:\/\/zmm.lt\/index.php?rest_route=%2Fwp%2Fv2%2Fcomments&post=1619"}],"version-history":[{"count":4,"href":"https:\/\/zmm.lt\/index.php?rest_route=\/wp\/v2\/pages\/1619\/revisions"}],"predecessor-version":[{"id":1623,"href":"https:\/\/zmm.lt\/index.php?rest_route=\/wp\/v2\/pages\/1619\/revisions\/1623"}],"wp:attachment":[{"href":"https:\/\/zmm.lt\/index.php?rest_route=%2Fwp%2Fv2%2Fmedia&parent=1619"}],"curies":[{"name":"wp","href":"https:\/\/api.w.org\/{rel}","templated":true}]}}