{"id":1569,"date":"2024-02-22T06:16:45","date_gmt":"2024-02-22T06:16:45","guid":{"rendered":"https:\/\/zmm.lt\/?page_id=1569"},"modified":"2025-07-03T09:40:22","modified_gmt":"2025-07-03T09:40:22","slug":"isivertinimas","status":"publish","type":"page","link":"https:\/\/zmm.lt\/?page_id=1569","title":{"rendered":"\u012eSIVERTINIMAS"},"content":{"rendered":"\t\t<div data-elementor-type=\"wp-page\" data-elementor-id=\"1569\" class=\"elementor elementor-1569\">\n\t\t\t\t\t\t<section class=\"elementor-section elementor-top-section elementor-element elementor-element-e7a8cd2 elementor-section-boxed elementor-section-height-default elementor-section-height-default\" data-id=\"e7a8cd2\" data-element_type=\"section\">\n\t\t\t\t\t\t<div class=\"elementor-container elementor-column-gap-default\">\n\t\t\t\t\t<div class=\"elementor-column elementor-col-100 elementor-top-column elementor-element elementor-element-6d7427b\" data-id=\"6d7427b\" data-element_type=\"column\">\n\t\t\t<div class=\"elementor-widget-wrap elementor-element-populated\">\n\t\t\t\t\t\t<div class=\"elementor-element elementor-element-e42d34d elementor-widget elementor-widget-text-editor\" data-id=\"e42d34d\" data-element_type=\"widget\" data-widget_type=\"text-editor.default\">\n\t\t\t\t<div class=\"elementor-widget-container\">\n\t\t\t\t\t\t\t<p><span style=\"text-decoration: underline;\"><a href=\"https:\/\/zmm.lt\/wp-content\/uploads\/2025\/07\/2priedas190212420.pdf\">NEFORMALIOJO VAIK\u0172 \u0160VIETIMO KOKYB\u0116S RODIKLI\u0172 \u012eSIVERTINIMO IR I\u0160ORINIO VERTINIMO REZULTATAI<\/a><\/span><\/p><p><span style=\"text-decoration: underline;\"><a href=\"https:\/\/zmm.lt\/wp-content\/uploads\/2025\/07\/4priedas_ZarasuFaustoLatenomenomokykla.pdf\">NEFORMALIOJO VAIK\u0172 \u0160VIETIMO TEIK\u0116JO KOKYB\u0116S VERTINIMO I\u0160VADA<\/a><\/span><\/p><p><span style=\"text-decoration: underline;\"><a href=\"https:\/\/zmm.lt\/wp-content\/uploads\/2025\/06\/ZARASU-FAUSTO-LATENO-MENO-MOKYKLOS-ISIVERTINIMAS-2025.pdf\">ZARAS\u0172 FAUSTO LAT\u0116NO MENO MOKYKLOS \u012eSIVERTINIMAS 2025<\/a><\/span><\/p><ul><li><span style=\"text-decoration: underline;\"><a href=\"https:\/\/zmm.lt\/wp-content\/uploads\/2025\/06\/2025-ISIVERTINIMO-PRISTATYMAS-BENDRUOMENEI.pdf\">2025 \u012eSIVERTINIMO PRISTATYMAS BENDRUOMENEI<\/a><\/span><\/li><\/ul><p><span style=\"text-decoration: underline;\"><a href=\"https:\/\/zmm.lt\/wp-content\/uploads\/2025\/03\/ZARASU-FAUSTO-LATENO-MENO-MOKYKLOS-ISIVERTINIMAS-2024.pdf\">2024<\/a><a href=\"https:\/\/zmm.lt\/wp-content\/uploads\/2025\/03\/ZARASU-FAUSTO-LATENO-MENO-MOKYKLOS-ISIVERTINIMAS-2024.pdf\"> m. ZARAS\u0172 FAUSTO LAT\u0116NO MENO MOKYKLOS \u012eSIVERTINIMAS\u00a0<\/a><\/span><\/p><ul><li><span style=\"text-decoration: underline;\"><a href=\"https:\/\/zmm.lt\/wp-content\/uploads\/2025\/03\/2024-ISIVERTINIMO-PRISTATYMAS-TEVU-SUSIRINKIMUI.pptx\">2024 \u012eSIVERTINIMO PRISTATYMAS T\u0116V\u0172 SUSIRINKIMUI<\/a><\/span><\/li><\/ul><p><span style=\"text-decoration: underline;\"><a href=\"https:\/\/zmm.lt\/wp-content\/uploads\/2024\/02\/ZARASU-FAUSTO-LATENO-MENO-MOKYKLOS-ISIVERTINIMAS-2023.pdf\">2023 m. ZARAS\u0172 FAUSTO LAT\u0116NO MENO MOKYKLOS \u012eSIVERTINIMAS<\/a><\/span><\/p><ul><li><span style=\"text-decoration: underline;\"><a href=\"https:\/\/zmm.lt\/wp-content\/uploads\/2024\/02\/2023-ISIVERTINIMO-PRISTATYMAS-Bendruomenei.pdf\">2023 \u012eSIVERTINIMO PRIEDAS<\/a><\/span><\/li><\/ul><p><span style=\"text-decoration: underline;\"><a href=\"https:\/\/zmm.lt\/wp-content\/uploads\/2024\/02\/ZARASU-FAUSTO-LATENO-MENO-MOKYKLOS-ISIVERTINIMAS-2022.pdf\">2022 m. ZARAS\u0172 FAUSTO LAT\u0116NO MENO MOKYKLOS \u012eSIVERTINIMAS<\/a><\/span><\/p><ul><li><span style=\"text-decoration: underline;\"><a href=\"https:\/\/zmm.lt\/wp-content\/uploads\/2024\/02\/2022-ISIVERTINIMO-PRISTATYMAS-TEVU-SUSIRINKIMUI-1.pdf\">2022 \u012eSIVERTINIMO PRIEDAS<\/a><\/span><\/li><\/ul>\t\t\t\t\t\t<\/div>\n\t\t\t\t<\/div>\n\t\t\t\t\t<\/div>\n\t\t<\/div>\n\t\t\t\t\t<\/div>\n\t\t<\/section>\n\t\t\t\t<section class=\"elementor-section elementor-top-section elementor-element elementor-element-0eef50e elementor-section-boxed elementor-section-height-default elementor-section-height-default\" data-id=\"0eef50e\" data-element_type=\"section\">\n\t\t\t\t\t\t<div class=\"elementor-container elementor-column-gap-default\">\n\t\t\t\t\t<div class=\"elementor-column elementor-col-100 elementor-top-column elementor-element elementor-element-55b123b\" data-id=\"55b123b\" data-element_type=\"column\">\n\t\t\t<div class=\"elementor-widget-wrap elementor-element-populated\">\n\t\t\t\t\t\t<div class=\"elementor-element elementor-element-3de493c elementor-widget elementor-widget-spacer\" data-id=\"3de493c\" data-element_type=\"widget\" data-widget_type=\"spacer.default\">\n\t\t\t\t<div class=\"elementor-widget-container\">\n\t\t\t\t\t<div class=\"elementor-spacer\">\n\t\t\t<div class=\"elementor-spacer-inner\"><\/div>\n\t\t<\/div>\n\t\t\t\t<\/div>\n\t\t\t\t<\/div>\n\t\t\t\t\t<\/div>\n\t\t<\/div>\n\t\t\t\t\t<\/div>\n\t\t<\/section>\n\t\t\t\t<\/div>\n\t\t","protected":false},"excerpt":{"rendered":"<p>NEFORMALIOJO VAIK\u0172 \u0160VIETIMO KOKYB\u0116S RODIKLI\u0172 \u012eSIVERTINIMO IR I\u0160ORINIO VERTINIMO REZULTATAI NEFORMALIOJO VAIK\u0172 \u0160VIETIMO TEIK\u0116JO KOKYB\u0116S VERTINIMO I\u0160VADA ZARAS\u0172 FAUSTO LAT\u0116NO MENO MOKYKLOS \u012eSIVERTINIMAS 2025 2025 \u012eSIVERTINIMO PRISTATYMAS BENDRUOMENEI 2024 m. ZARAS\u0172 FAUSTO LAT\u0116NO MENO MOKYKLOS \u012eSIVERTINIMAS\u00a0 2024 \u012eSIVERTINIMO PRISTATYMAS T\u0116V\u0172 SUSIRINKIMUI 2023 m. ZARAS\u0172 FAUSTO LAT\u0116NO MENO MOKYKLOS \u012eSIVERTINIMAS 2023 \u012eSIVERTINIMO PRIEDAS 2022 m. ZARAS\u0172 &hellip; <a href=\"https:\/\/zmm.lt\/?page_id=1569\" class=\"more-link\">Continue reading <span class=\"screen-reader-text\">\u012eSIVERTINIMAS<\/span> <span class=\"meta-nav\">&rarr;<\/span><\/a><\/p>\n","protected":false},"author":1,"featured_media":0,"parent":0,"menu_order":0,"comment_status":"closed","ping_status":"closed","template":"","meta":{"footnotes":""},"class_list":["post-1569","page","type-page","status-publish","hentry"],"_links":{"self":[{"href":"https:\/\/zmm.lt\/index.php?rest_route=\/wp\/v2\/pages\/1569","targetHints":{"allow":["GET"]}}],"collection":[{"href":"https:\/\/zmm.lt\/index.php?rest_route=\/wp\/v2\/pages"}],"about":[{"href":"https:\/\/zmm.lt\/index.php?rest_route=\/wp\/v2\/types\/page"}],"author":[{"embeddable":true,"href":"https:\/\/zmm.lt\/index.php?rest_route=\/wp\/v2\/users\/1"}],"replies":[{"embeddable":true,"href":"https:\/\/zmm.lt\/index.php?rest_route=%2Fwp%2Fv2%2Fcomments&post=1569"}],"version-history":[{"count":25,"href":"https:\/\/zmm.lt\/index.php?rest_route=\/wp\/v2\/pages\/1569\/revisions"}],"predecessor-version":[{"id":2422,"href":"https:\/\/zmm.lt\/index.php?rest_route=\/wp\/v2\/pages\/1569\/revisions\/2422"}],"wp:attachment":[{"href":"https:\/\/zmm.lt\/index.php?rest_route=%2Fwp%2Fv2%2Fmedia&parent=1569"}],"curies":[{"name":"wp","href":"https:\/\/api.w.org\/{rel}","templated":true}]}}